{"id":1043,"date":"2020-02-28T00:30:39","date_gmt":"2020-02-28T00:30:39","guid":{"rendered":"https:\/\/amoran.net\/?page_id=1043"},"modified":"2022-05-10T20:47:46","modified_gmt":"2022-05-10T20:47:46","slug":"feijoada-da-amoran","status":"publish","type":"page","link":"https:\/\/amoran.net\/?page_id=1043","title":{"rendered":"Feijoada da Amoran"},"content":{"rendered":"<p><strong>Valor:<\/strong> R$80 por pessoa<\/p>\n<p><strong>Inclui:\u00a0<\/strong>Feijoada completa e acompanhamentos, tira-gosto, chopp geladinho, refri e \u00e1gua mineral<\/p>\n<p><strong>Marque na agenda:\u00a0<\/strong>s\u00e1bado, 14 de maio, de 12h \u00e0s 16h<\/p>\n<p><strong>Local:\u00a0<\/strong>na sede da Amoran \u2014 Rua Itapema, 162 (esquina com Joaquim Linhares) &#8211; Anchieta<\/p>\n<p>Preencha o formul\u00e1rio abaixo e reserve o seu convite<\/p>\n<div class=\"wpforms-container wpforms-container-full\" id=\"wpforms-1274\"><form id=\"wpforms-form-1274\" class=\"wpforms-validate wpforms-form\" data-formid=\"1274\" method=\"post\" enctype=\"multipart\/form-data\" action=\"\/index.php?rest_route=%2Fwp%2Fv2%2Fpages%2F1043\" data-token=\"f348371f43dbcc6d799976b9b081542f\"><noscript class=\"wpforms-error-noscript\">Ative o JavaScript no seu navegador para preencher este formul\u00e1rio.<\/noscript><div class=\"wpforms-field-container\"><div id=\"wpforms-1274-field_0-container\" class=\"wpforms-field wpforms-field-name\" data-field-id=\"0\"><label class=\"wpforms-field-label\" for=\"wpforms-1274-field_0\">Nome <span class=\"wpforms-required-label\">*<\/span><\/label><div class=\"wpforms-field-row wpforms-field-medium\"><div class=\"wpforms-field-row-block wpforms-first wpforms-one-half\"><input type=\"text\" id=\"wpforms-1274-field_0\" class=\"wpforms-field-name-first wpforms-field-required\" name=\"wpforms[fields][0][first]\" required><label for=\"wpforms-1274-field_0\" class=\"wpforms-field-sublabel after \">Nome<\/label><\/div><div class=\"wpforms-field-row-block wpforms-one-half\"><input type=\"text\" id=\"wpforms-1274-field_0-last\" class=\"wpforms-field-name-last wpforms-field-required\" name=\"wpforms[fields][0][last]\" required><label for=\"wpforms-1274-field_0-last\" class=\"wpforms-field-sublabel after \">Sobrenome<\/label><\/div><\/div><\/div><div id=\"wpforms-1274-field_1-container\" class=\"wpforms-field wpforms-field-email\" data-field-id=\"1\"><label class=\"wpforms-field-label\" for=\"wpforms-1274-field_1\">E-mail <span class=\"wpforms-required-label\">*<\/span><\/label><input type=\"email\" id=\"wpforms-1274-field_1\" class=\"wpforms-field-medium wpforms-field-required\" name=\"wpforms[fields][1]\" spellcheck=\"false\" required><\/div><div id=\"wpforms-1274-field_12-container\" class=\"wpforms-field wpforms-field-number\" data-field-id=\"12\"><label class=\"wpforms-field-label\" for=\"wpforms-1274-field_12\">Celular<\/label><input type=\"number\" pattern=\"\\d*\" id=\"wpforms-1274-field_12\" class=\"wpforms-field-medium\" name=\"wpforms[fields][12]\" ><\/div><div id=\"wpforms-1274-field_4-container\" class=\"wpforms-field wpforms-field-radio\" data-field-id=\"4\"><label class=\"wpforms-field-label\" for=\"wpforms-1274-field_4\">Esse celular tem WhatsApp? <span class=\"wpforms-required-label\">*<\/span><\/label><ul id=\"wpforms-1274-field_4\" class=\"wpforms-field-required\"><li class=\"choice-1 depth-1\"><input type=\"radio\" id=\"wpforms-1274-field_4_1\" name=\"wpforms[fields][4]\" value=\"Sim\" required ><label class=\"wpforms-field-label-inline\" for=\"wpforms-1274-field_4_1\">Sim<\/label><\/li><li class=\"choice-2 depth-1\"><input type=\"radio\" id=\"wpforms-1274-field_4_2\" name=\"wpforms[fields][4]\" value=\"N\u00e3o\" required ><label class=\"wpforms-field-label-inline\" for=\"wpforms-1274-field_4_2\">N\u00e3o<\/label><\/li><\/ul><\/div><div id=\"wpforms-1274-field_10-container\" class=\"wpforms-field wpforms-field-radio\" data-field-id=\"10\"><label class=\"wpforms-field-label\" for=\"wpforms-1274-field_10\">Valor do voucher <span class=\"wpforms-required-label\">*<\/span><\/label><ul id=\"wpforms-1274-field_10\" class=\"wpforms-field-required\"><li class=\"choice-1 depth-1\"><input type=\"radio\" id=\"wpforms-1274-field_10_1\" name=\"wpforms[fields][10]\" value=\"R$100 (cr\u00e9dito de R$120)\" required ><label class=\"wpforms-field-label-inline\" for=\"wpforms-1274-field_10_1\">R$100 (cr\u00e9dito de R$120)<\/label><\/li><li class=\"choice-2 depth-1\"><input type=\"radio\" id=\"wpforms-1274-field_10_2\" name=\"wpforms[fields][10]\" value=\"R$50 (cr\u00e9dito de R$55)\" required ><label class=\"wpforms-field-label-inline\" for=\"wpforms-1274-field_10_2\">R$50 (cr\u00e9dito de R$55)<\/label><\/li><li class=\"choice-3 depth-1\"><input type=\"radio\" id=\"wpforms-1274-field_10_3\" name=\"wpforms[fields][10]\" value=\"Quero outro valor (acima de R$50)\" required ><label class=\"wpforms-field-label-inline\" for=\"wpforms-1274-field_10_3\">Quero outro valor (acima de R$50)<\/label><\/li><\/ul><div class=\"wpforms-field-description\">Vendas de voucher somente at\u00e9 29 de julho<\/div><\/div><div id=\"wpforms-1274-field_13-container\" class=\"wpforms-field wpforms-field-number\" data-field-id=\"13\"><label class=\"wpforms-field-label\" for=\"wpforms-1274-field_13\">Se voc\u00ea deseja outro valor, especifique em R$<\/label><input type=\"number\" pattern=\"\\d*\" id=\"wpforms-1274-field_13\" class=\"wpforms-field-medium\" name=\"wpforms[fields][13]\" ><div class=\"wpforms-field-description\">somente n\u00fameros<\/div><\/div><div id=\"wpforms-1274-field_11-container\" class=\"wpforms-field wpforms-field-radio\" data-field-id=\"11\"><label class=\"wpforms-field-label\" for=\"wpforms-1274-field_11\">Forma de pagamento <span class=\"wpforms-required-label\">*<\/span><\/label><ul id=\"wpforms-1274-field_11\" class=\"wpforms-field-required\"><li class=\"choice-1 depth-1\"><input type=\"radio\" id=\"wpforms-1274-field_11_1\" name=\"wpforms[fields][11]\" value=\"Pix para a chave pagseguro@amoran.net\" required ><label class=\"wpforms-field-label-inline\" for=\"wpforms-1274-field_11_1\">Pix para a chave pagseguro@amoran.net<\/label><\/li><li class=\"choice-2 depth-1\"><input type=\"radio\" id=\"wpforms-1274-field_11_2\" name=\"wpforms[fields][11]\" value=\"Presencial em dinheiro (a partir de 25 de julho)\" required ><label class=\"wpforms-field-label-inline\" for=\"wpforms-1274-field_11_2\">Presencial em dinheiro (a partir de 25 de julho)<\/label><\/li><\/ul><div class=\"wpforms-field-description\">O valor do voucher s\u00f3 ser\u00e1 creditado ap\u00f3s a confirma\u00e7\u00e3o do pagamento. Pagamentos por pix, enviar comprovante para WhatsApp 3125555399 ou email amoran@amoran.net. \r\nOs vouchers poder\u00e3o ser trocados antecipadamente na Amoran (Rua Itapema, 162, Anchieta) at\u00e9 a sexta, 29 de julho, de 10h \u00e0s 12h ou de 13h \u00e0s 16h ou no dia do evento. <\/div><\/div><div id=\"wpforms-1274-field_5-container\" class=\"wpforms-field wpforms-field-radio\" data-field-id=\"5\"><label class=\"wpforms-field-label\" for=\"wpforms-1274-field_5\">Voc\u00ea \u00e9 associado (a) da Amoran?  <span class=\"wpforms-required-label\">*<\/span><\/label><ul id=\"wpforms-1274-field_5\" class=\"wpforms-field-required\"><li class=\"choice-1 depth-1\"><input type=\"radio\" id=\"wpforms-1274-field_5_1\" name=\"wpforms[fields][5]\" value=\"Sim\" required ><label class=\"wpforms-field-label-inline\" for=\"wpforms-1274-field_5_1\">Sim<\/label><\/li><li class=\"choice-2 depth-1\"><input type=\"radio\" id=\"wpforms-1274-field_5_2\" name=\"wpforms[fields][5]\" value=\"N\u00e3o\" required ><label class=\"wpforms-field-label-inline\" for=\"wpforms-1274-field_5_2\">N\u00e3o<\/label><\/li><\/ul><\/div><div id=\"wpforms-1274-field_2-container\" class=\"wpforms-field wpforms-field-textarea\" data-field-id=\"2\"><label class=\"wpforms-field-label\" for=\"wpforms-1274-field_2\">Deixe aqui o seu coment\u00e1rio, se desejar<\/label><textarea id=\"wpforms-1274-field_2\" class=\"wpforms-field-medium\" name=\"wpforms[fields][2]\" ><\/textarea><\/div><\/div><!-- .wpforms-field-container --><div class=\"wpforms-submit-container\" ><input type=\"hidden\" name=\"wpforms[id]\" value=\"1274\"><input type=\"hidden\" name=\"wpforms[author]\" value=\"1\"><button type=\"submit\" name=\"wpforms[submit]\" id=\"wpforms-submit-1274\" class=\"wpforms-submit\" data-alt-text=\"Enviando...\" data-submit-text=\"Enviar\" aria-live=\"assertive\" value=\"wpforms-submit\">Enviar<\/button><\/div><\/form><\/div>  <!-- .wpforms-container -->\n<p><strong>Pix:<\/strong> pagseguro@amoran.net<\/p>\n<p>Participe desse evento que marca o rein\u00edcio das comemora\u00e7\u00f5es presenciais da Amoran e que promove a integra\u00e7\u00e3o da comunidade.<\/p>\n<p>Os recursos arrecadados ser\u00e3o destinados ao caixa das reformas necess\u00e1rias no pr\u00e9dio da Amoran.<\/p>\n<p>Al\u00e9m de participar, convide amigos e familiares, nos ajudando a tornar essa data memor\u00e1vel.<\/p>\n<p>&nbsp;<\/p>\n<p><strong>A sua reserva ser\u00e1 confirmada mediante comprova\u00e7\u00e3o de pagamento.<\/strong><\/p>\n<p><strong>Ap\u00f3s a comprova\u00e7\u00e3o, faremos contato para a entrega do seu convite. Caso tenha d\u00favida, ligue ou envie mensagem por WhatsApp para 31 2555 5399<\/strong><\/p>\n<p>&nbsp;<\/p>\n","protected":false},"excerpt":{"rendered":"<p>Valor: R$80 por pessoa Inclui:\u00a0Feijoada completa e acompanhamentos, tira-gosto, chopp geladinho, refri<br \/><a class=\"read-more\" href=\"https:\/\/amoran.net\/?page_id=1043\">Read More <svg id=\"Layer\" enable-background=\"new 0 0 64 64\" height=\"512\" viewBox=\"0 0 64 64\" width=\"512\" xmlns=\"http:\/\/www.w3.org\/2000\/svg\"><path fill=\"#444\" d=\"m37.379 12.552c-.799-.761-2.066-.731-2.827.069-.762.8-.73 2.066.069 2.828l15.342 14.551h-39.963c-1.104 0-2 .896-2 2s.896 2 2 2h39.899l-15.278 14.552c-.8.762-.831 2.028-.069 2.828.393.412.92.62 1.448.62.496 0 .992-.183 1.379-.552l17.449-16.62c.756-.755 1.172-1.759 1.172-2.828s-.416-2.073-1.207-2.862z\"\/><\/svg><\/a><\/p>\n","protected":false},"author":1,"featured_media":0,"parent":0,"menu_order":0,"comment_status":"closed","ping_status":"closed","template":"","meta":[],"_links":{"self":[{"href":"https:\/\/amoran.net\/index.php?rest_route=\/wp\/v2\/pages\/1043"}],"collection":[{"href":"https:\/\/amoran.net\/index.php?rest_route=\/wp\/v2\/pages"}],"about":[{"href":"https:\/\/amoran.net\/index.php?rest_route=\/wp\/v2\/types\/page"}],"author":[{"embeddable":true,"href":"https:\/\/amoran.net\/index.php?rest_route=\/wp\/v2\/users\/1"}],"replies":[{"embeddable":true,"href":"https:\/\/amoran.net\/index.php?rest_route=%2Fwp%2Fv2%2Fcomments&post=1043"}],"version-history":[{"count":10,"href":"https:\/\/amoran.net\/index.php?rest_route=\/wp\/v2\/pages\/1043\/revisions"}],"predecessor-version":[{"id":1301,"href":"https:\/\/amoran.net\/index.php?rest_route=\/wp\/v2\/pages\/1043\/revisions\/1301"}],"wp:attachment":[{"href":"https:\/\/amoran.net\/index.php?rest_route=%2Fwp%2Fv2%2Fmedia&parent=1043"}],"curies":[{"name":"wp","href":"https:\/\/api.w.org\/{rel}","templated":true}]}}