{"id":12,"date":"2014-07-25T17:56:03","date_gmt":"2014-07-25T17:56:03","guid":{"rendered":"https:\/\/amoran.net\/?page_id=12"},"modified":"2022-09-29T18:44:36","modified_gmt":"2022-09-29T18:44:36","slug":"servicos","status":"publish","type":"page","link":"https:\/\/amoran.net\/?page_id=12","title":{"rendered":"Servi\u00e7os"},"content":{"rendered":"<div id=\"pl-12\"  class=\"panel-layout\" ><div id=\"pg-12-0\"  class=\"panel-grid panel-no-style\" ><div id=\"pgc-12-0-0\"  class=\"panel-grid-cell\" ><div id=\"panel-12-0-0-0\" class=\"so-panel widget widget_sow-editor panel-first-child panel-last-child\" data-index=\"0\" ><div class=\"panel-widget-style panel-widget-style-for-12-0-0-0\" ><div\n\t\t\t\n\t\t\tclass=\"so-widget-sow-editor so-widget-sow-editor-base\"\n\t\t\t\n\t\t>\n<div class=\"siteorigin-widget-tinymce textwidget\">\n\t<p style=\"color: #444444;\">A Amoran presta uma s\u00e9rie de servi\u00e7os de apoio \u00e0 comunidade, inclusive acolhendo as demandas direcionadas \u00e0 Prefeitura Municipal de Belo Horizonte (PBH) e a outros atores p\u00fablicos e privados. Cursos, palestras, a\u00e7\u00f5es voltadas para a sa\u00fade, eventos comemorativos e de lazer, entre outras atividades de interesse das pessoas que moram, que trabalham e que t\u00eam neg\u00f3cio na regi\u00e3o, est\u00e3o no escopo das realiza\u00e7\u00f5es da Associa\u00e7\u00e3o.<\/p>\n<p>Acesse pelo menu as a\u00e7\u00f5es atualmente dispon\u00edveis.<\/p>\n<\/div>\n<\/div><\/div><\/div><\/div><\/div><\/div>","protected":false},"excerpt":{"rendered":"<p>A Amoran presta uma s\u00e9rie de servi\u00e7os de apoio \u00e0 comunidade, inclusive<br \/><a class=\"read-more\" href=\"https:\/\/amoran.net\/?page_id=12\">Read More <svg id=\"Layer\" enable-background=\"new 0 0 64 64\" height=\"512\" viewBox=\"0 0 64 64\" width=\"512\" xmlns=\"http:\/\/www.w3.org\/2000\/svg\"><path fill=\"#444\" d=\"m37.379 12.552c-.799-.761-2.066-.731-2.827.069-.762.8-.73 2.066.069 2.828l15.342 14.551h-39.963c-1.104 0-2 .896-2 2s.896 2 2 2h39.899l-15.278 14.552c-.8.762-.831 2.028-.069 2.828.393.412.92.62 1.448.62.496 0 .992-.183 1.379-.552l17.449-16.62c.756-.755 1.172-1.759 1.172-2.828s-.416-2.073-1.207-2.862z\"\/><\/svg><\/a><\/p>\n","protected":false},"author":1,"featured_media":0,"parent":0,"menu_order":0,"comment_status":"closed","ping_status":"closed","template":"","meta":[],"_links":{"self":[{"href":"https:\/\/amoran.net\/index.php?rest_route=\/wp\/v2\/pages\/12"}],"collection":[{"href":"https:\/\/amoran.net\/index.php?rest_route=\/wp\/v2\/pages"}],"about":[{"href":"https:\/\/amoran.net\/index.php?rest_route=\/wp\/v2\/types\/page"}],"author":[{"embeddable":true,"href":"https:\/\/amoran.net\/index.php?rest_route=\/wp\/v2\/users\/1"}],"replies":[{"embeddable":true,"href":"https:\/\/amoran.net\/index.php?rest_route=%2Fwp%2Fv2%2Fcomments&post=12"}],"version-history":[{"count":8,"href":"https:\/\/amoran.net\/index.php?rest_route=\/wp\/v2\/pages\/12\/revisions"}],"predecessor-version":[{"id":1475,"href":"https:\/\/amoran.net\/index.php?rest_route=\/wp\/v2\/pages\/12\/revisions\/1475"}],"wp:attachment":[{"href":"https:\/\/amoran.net\/index.php?rest_route=%2Fwp%2Fv2%2Fmedia&parent=12"}],"curies":[{"name":"wp","href":"https:\/\/api.w.org\/{rel}","templated":true}]}}