{"id":1238,"date":"2021-09-21T15:20:38","date_gmt":"2021-09-21T15:20:38","guid":{"rendered":"https:\/\/amoran.net\/?page_id=1238"},"modified":"2024-05-28T17:02:08","modified_gmt":"2024-05-28T17:02:08","slug":"formulario-de-solicitacao-a-amoran","status":"publish","type":"page","link":"https:\/\/amoran.net\/?page_id=1238","title":{"rendered":"Formul\u00e1rio de Solicita\u00e7\u00e3o \u00e0 Amoran"},"content":{"rendered":"<div id=\"pl-1238\"  class=\"panel-layout\" ><div id=\"pg-1238-0\"  class=\"panel-grid panel-no-style\" ><div id=\"pgc-1238-0-0\"  class=\"panel-grid-cell\" ><div id=\"panel-1238-0-0-0\" class=\"so-panel widget widget_sow-editor panel-first-child panel-last-child\" data-index=\"0\" ><div class=\"panel-widget-style panel-widget-style-for-1238-0-0-0\" ><div\n\t\t\t\n\t\t\tclass=\"so-widget-sow-editor so-widget-sow-editor-base\"\n\t\t\t\n\t\t>\n<div class=\"siteorigin-widget-tinymce textwidget\">\n\t<p>Ap\u00f3s apresentar a sua demanda diretamente a quem deve se responsabilizar pela solu\u00e7\u00e3o e decorrido o prazo estabelecido para o atendimento, registre aqui a sua reclama\u00e7\u00e3o a \u00f3rg\u00e3os e empresas p\u00fablicas ou privadas.\u00a0<strong>N\u00e3o deixe de preencher o n\u00famero do protocolo gerado pela institui\u00e7\u00e3o, caso exista.<\/strong><\/p>\n<p>Canais de atendimento da PBH pelo telefone 156 ou clique aqui para acessar o <a href=\"https:\/\/servicos.pbh.gov.br\/\">Portal de Servi\u00e7os<\/a>.<\/p>\n<p>Se houver foto do problema, o que \u00e9 sempre oportuno registrar, envie para o <a href=\"http:\/\/wa.me\/553125555399\">WhatsApp 31 2555 5399<\/a> ou para o email <a href=\"mailto:amoran@amora.net\">amoran@amora.net<\/a><\/p>\n<div class=\"wpforms-container wpforms-container-full\" id=\"wpforms-1237\"><form id=\"wpforms-form-1237\" class=\"wpforms-validate wpforms-form\" data-formid=\"1237\" method=\"post\" enctype=\"multipart\/form-data\" action=\"\/index.php?rest_route=%2Fwp%2Fv2%2Fpages%2F1238\" data-token=\"cd40983528ff0505f05a67a4e08da68d\"><noscript class=\"wpforms-error-noscript\">Ative o JavaScript no seu navegador para preencher este formul\u00e1rio.<\/noscript><div class=\"wpforms-field-container\"><div id=\"wpforms-1237-field_0-container\" class=\"wpforms-field wpforms-field-name\" data-field-id=\"0\"><label class=\"wpforms-field-label\" for=\"wpforms-1237-field_0\">Nome <span class=\"wpforms-required-label\">*<\/span><\/label><input type=\"text\" id=\"wpforms-1237-field_0\" class=\"wpforms-field-medium wpforms-field-required\" name=\"wpforms[fields][0]\" required><\/div><div id=\"wpforms-1237-field_6-container\" class=\"wpforms-field wpforms-field-number\" data-field-id=\"6\"><label class=\"wpforms-field-label\" for=\"wpforms-1237-field_6\">Telefone <span class=\"wpforms-required-label\">*<\/span><\/label><input type=\"number\" pattern=\"\\d*\" id=\"wpforms-1237-field_6\" class=\"wpforms-field-medium wpforms-field-required\" name=\"wpforms[fields][6]\" required><div class=\"wpforms-field-description\">Digite apenas n\u00fameros<\/div><\/div><div id=\"wpforms-1237-field_7-container\" class=\"wpforms-field wpforms-field-radio\" data-field-id=\"7\"><label class=\"wpforms-field-label\" for=\"wpforms-1237-field_7\">Esse n\u00famero tem WhatsApp <span class=\"wpforms-required-label\">*<\/span><\/label><ul id=\"wpforms-1237-field_7\" class=\"wpforms-field-required\"><li class=\"choice-2 depth-1\"><input type=\"radio\" id=\"wpforms-1237-field_7_2\" name=\"wpforms[fields][7]\" value=\"Sim\" required ><label class=\"wpforms-field-label-inline\" for=\"wpforms-1237-field_7_2\">Sim<\/label><\/li><li class=\"choice-3 depth-1\"><input type=\"radio\" id=\"wpforms-1237-field_7_3\" name=\"wpforms[fields][7]\" value=\"N\u00e3o\" required ><label class=\"wpforms-field-label-inline\" for=\"wpforms-1237-field_7_3\">N\u00e3o<\/label><\/li><\/ul><\/div><div id=\"wpforms-1237-field_1-container\" class=\"wpforms-field wpforms-field-email\" data-field-id=\"1\"><label class=\"wpforms-field-label\" for=\"wpforms-1237-field_1\">E-mail <span class=\"wpforms-required-label\">*<\/span><\/label><input type=\"email\" id=\"wpforms-1237-field_1\" class=\"wpforms-field-medium wpforms-field-required\" name=\"wpforms[fields][1]\" spellcheck=\"false\" required><\/div><div id=\"wpforms-1237-field_3-container\" class=\"wpforms-field wpforms-field-text\" data-field-id=\"3\"><label class=\"wpforms-field-label\" for=\"wpforms-1237-field_3\">Assunto <span class=\"wpforms-required-label\">*<\/span><\/label><input type=\"text\" id=\"wpforms-1237-field_3\" class=\"wpforms-field-medium wpforms-field-required\" name=\"wpforms[fields][3]\" required><\/div><div id=\"wpforms-1237-field_8-container\" class=\"wpforms-field wpforms-field-radio\" data-field-id=\"8\"><label class=\"wpforms-field-label\" for=\"wpforms-1237-field_8\">Esse assunto j\u00e1 foi apresentado a algum \u00f3rg\u00e3o p\u00fablico ou empresa? <span class=\"wpforms-required-label\">*<\/span><\/label><ul id=\"wpforms-1237-field_8\" class=\"wpforms-field-required\"><li class=\"choice-2 depth-1\"><input type=\"radio\" id=\"wpforms-1237-field_8_2\" name=\"wpforms[fields][8]\" value=\"Sim\" required ><label class=\"wpforms-field-label-inline\" for=\"wpforms-1237-field_8_2\">Sim<\/label><\/li><li class=\"choice-3 depth-1\"><input type=\"radio\" id=\"wpforms-1237-field_8_3\" name=\"wpforms[fields][8]\" value=\"N\u00e3o\" required ><label class=\"wpforms-field-label-inline\" for=\"wpforms-1237-field_8_3\">N\u00e3o<\/label><\/li><\/ul><\/div><div id=\"wpforms-1237-field_11-container\" class=\"wpforms-field wpforms-field-text\" data-field-id=\"11\"><label class=\"wpforms-field-label\" for=\"wpforms-1237-field_11\">Em caso afirmativo, qual?<\/label><input type=\"text\" id=\"wpforms-1237-field_11\" class=\"wpforms-field-medium\" name=\"wpforms[fields][11]\" ><\/div><div id=\"wpforms-1237-field_12-container\" class=\"wpforms-field wpforms-field-text\" data-field-id=\"12\"><label class=\"wpforms-field-label\" for=\"wpforms-1237-field_12\">Em caso afirmativo, em qual data?<\/label><input type=\"text\" id=\"wpforms-1237-field_12\" class=\"wpforms-field-medium\" name=\"wpforms[fields][12]\" ><\/div><div id=\"wpforms-1237-field_13-container\" class=\"wpforms-field wpforms-field-text\" data-field-id=\"13\"><label class=\"wpforms-field-label\" for=\"wpforms-1237-field_13\">Em caso afirmativo, qual o prazo estabelecido para atendimento \u00e0 demanda<\/label><input type=\"text\" id=\"wpforms-1237-field_13\" class=\"wpforms-field-medium\" name=\"wpforms[fields][13]\" ><\/div><div id=\"wpforms-1237-field_9-container\" class=\"wpforms-field wpforms-field-number\" data-field-id=\"9\"><label class=\"wpforms-field-label\" for=\"wpforms-1237-field_9\">Em caso afirmativo, informe o n\u00famero do protocolo, caso tenha sido gerado<\/label><input type=\"number\" pattern=\"\\d*\" id=\"wpforms-1237-field_9\" class=\"wpforms-field-medium\" name=\"wpforms[fields][9]\" ><\/div><div id=\"wpforms-1237-field_4-container\" class=\"wpforms-field wpforms-field-textarea\" data-field-id=\"4\"><label class=\"wpforms-field-label\" for=\"wpforms-1237-field_4\">Apresente a sua solicita\u00e7\u00e3o <span class=\"wpforms-required-label\">*<\/span><\/label><textarea id=\"wpforms-1237-field_4\" class=\"wpforms-field-medium wpforms-field-required\" name=\"wpforms[fields][4]\" required><\/textarea><div class=\"wpforms-field-description\">Inclua todas as informa\u00e7\u00f5es poss\u00edveis. Envie fotos da situa\u00e7\u00e3o para o WhatsApp 31 2555 5399 ou email amoran@amoran.net<\/div><\/div><\/div><!-- .wpforms-field-container --><div class=\"wpforms-submit-container\" ><input type=\"hidden\" name=\"wpforms[id]\" value=\"1237\"><input type=\"hidden\" name=\"wpforms[author]\" value=\"1\"><button type=\"submit\" name=\"wpforms[submit]\" id=\"wpforms-submit-1237\" class=\"wpforms-submit\" data-alt-text=\"Enviando...\" data-submit-text=\"Enviar\" aria-live=\"assertive\" value=\"wpforms-submit\">Enviar<\/button><\/div><\/form><\/div>  <!-- .wpforms-container -->\n<\/div>\n<\/div><\/div><\/div><\/div><\/div><\/div>","protected":false},"excerpt":{"rendered":"<p>Ap\u00f3s apresentar a sua demanda diretamente a quem deve se responsabilizar pela<br \/><a class=\"read-more\" href=\"https:\/\/amoran.net\/?page_id=1238\">Read More <svg id=\"Layer\" enable-background=\"new 0 0 64 64\" height=\"512\" viewBox=\"0 0 64 64\" width=\"512\" xmlns=\"http:\/\/www.w3.org\/2000\/svg\"><path fill=\"#444\" d=\"m37.379 12.552c-.799-.761-2.066-.731-2.827.069-.762.8-.73 2.066.069 2.828l15.342 14.551h-39.963c-1.104 0-2 .896-2 2s.896 2 2 2h39.899l-15.278 14.552c-.8.762-.831 2.028-.069 2.828.393.412.92.62 1.448.62.496 0 .992-.183 1.379-.552l17.449-16.62c.756-.755 1.172-1.759 1.172-2.828s-.416-2.073-1.207-2.862z\"\/><\/svg><\/a><\/p>\n","protected":false},"author":1,"featured_media":0,"parent":0,"menu_order":0,"comment_status":"closed","ping_status":"closed","template":"","meta":[],"_links":{"self":[{"href":"https:\/\/amoran.net\/index.php?rest_route=\/wp\/v2\/pages\/1238"}],"collection":[{"href":"https:\/\/amoran.net\/index.php?rest_route=\/wp\/v2\/pages"}],"about":[{"href":"https:\/\/amoran.net\/index.php?rest_route=\/wp\/v2\/types\/page"}],"author":[{"embeddable":true,"href":"https:\/\/amoran.net\/index.php?rest_route=\/wp\/v2\/users\/1"}],"replies":[{"embeddable":true,"href":"https:\/\/amoran.net\/index.php?rest_route=%2Fwp%2Fv2%2Fcomments&post=1238"}],"version-history":[{"count":7,"href":"https:\/\/amoran.net\/index.php?rest_route=\/wp\/v2\/pages\/1238\/revisions"}],"predecessor-version":[{"id":1735,"href":"https:\/\/amoran.net\/index.php?rest_route=\/wp\/v2\/pages\/1238\/revisions\/1735"}],"wp:attachment":[{"href":"https:\/\/amoran.net\/index.php?rest_route=%2Fwp%2Fv2%2Fmedia&parent=1238"}],"curies":[{"name":"wp","href":"https:\/\/api.w.org\/{rel}","templated":true}]}}