{"id":1267,"date":"2022-03-25T22:07:20","date_gmt":"2022-03-25T22:07:20","guid":{"rendered":"https:\/\/amoran.net\/?page_id=1267"},"modified":"2022-04-19T22:22:57","modified_gmt":"2022-04-19T22:22:57","slug":"educacao-financeira-saude-do-bolso","status":"publish","type":"page","link":"https:\/\/amoran.net\/?page_id=1267","title":{"rendered":"Palestra &#8220;Atitudes Financeiras Inteligentes&#8221;"},"content":{"rendered":"<p><img loading=\"lazy\" class=\"size-medium wp-image-1268 alignleft\" src=\"https:\/\/amoran.net\/wp-content\/uploads\/2022\/03\/WhatsApp-Image-2022-03-23-at-08.31.55-300x212.jpeg\" alt=\"\" width=\"300\" height=\"212\" srcset=\"https:\/\/amoran.net\/wp-content\/uploads\/2022\/03\/WhatsApp-Image-2022-03-23-at-08.31.55-300x212.jpeg 300w, https:\/\/amoran.net\/wp-content\/uploads\/2022\/03\/WhatsApp-Image-2022-03-23-at-08.31.55-1024x724.jpeg 1024w, https:\/\/amoran.net\/wp-content\/uploads\/2022\/03\/WhatsApp-Image-2022-03-23-at-08.31.55-768x543.jpeg 768w, https:\/\/amoran.net\/wp-content\/uploads\/2022\/03\/WhatsApp-Image-2022-03-23-at-08.31.55-136x96.jpeg 136w, https:\/\/amoran.net\/wp-content\/uploads\/2022\/03\/WhatsApp-Image-2022-03-23-at-08.31.55.jpeg 1280w\" sizes=\"(max-width: 300px) 100vw, 300px\" \/><\/p>\n<p><span style=\"color: #000000;\">Por meio do m\u00e9todo<a style=\"color: #000000;\" href=\"https:\/\/www.saudedobolso.com.br\/sobre\" target=\"_blank\" rel=\"noopener\"> Sa\u00fade do Bolso (SB) (clique aqui para mais detalhes)<\/a>, o educador financeiro Leo Motta se prop\u00f5e a ajudar as pessoas a serem mais saud\u00e1veis e sustent\u00e1veis financeiramente.<\/span><\/p>\n<p><span style=\"color: #000000;\">Com forma\u00e7\u00e3o acad\u00eamica em Administra\u00e7\u00e3o e em Contabilidade e p\u00f3s-gradua\u00e7\u00e3o em Educa\u00e7\u00e3o Financeira, ap\u00f3s 35 anos de atua\u00e7\u00e3o em institui\u00e7\u00e3o do setor, Motta desenvolveu o m\u00e9todo SB, que visa prevenir, manter, reabilitar ou recuperar a sa\u00fade financeira de seus alunos. Membro acad\u00eamico da Associa\u00e7\u00e3o Brasileira de Profissionais de Educa\u00e7\u00e3o Financeira (Abefin), o educador det\u00e9m o CEFed\u00ae, certifica\u00e7\u00e3o reconhecida pelo MEC, e \u00e9 credenciado TechFinance\u00ae, uma plataforma com os melhores e mais profissionais softwares para educa\u00e7\u00e3o financeira.\u00a0<\/span><\/p>\n<p><span style=\"color: #000000;\">Associados da Amoran poder\u00e3o assistir gratuitamente a uma palestra de Leo Motta, que ser\u00e1 seguida de um atendimento individualizado tamb\u00e9m gratuito. Al\u00e9m disso, receber\u00e3o desconto de 30% em atendimento posterior, de acordo com o que o educador financeiro estabelecer. N\u00e3o associados dever\u00e3o pagar uma taxa de R$ 30 para assistirem \u00e0 palestra e para o atendimento individual, sem direito a desconto no servi\u00e7o adicional.<\/span><\/p>\n<p><span style=\"color: #000000;\">Em ambiente virtual, no dia 30 de maio, Leo Motta realizar\u00e1 a palestra &#8220;Atitudes Financeiras Inteligentes&#8221;, que abordar\u00e1 os seguintes t\u00f3picos:\u00a0<\/span><\/p>\n<ul>\n<li>cen\u00e1rio atual;<\/li>\n<li>conceito, import\u00e2ncia e benef\u00edcios da educa\u00e7\u00e3o financeira;<\/li>\n<li>ciclo da vida financeira;<\/li>\n<li>causas e consequ\u00eancias do endividamento;<\/li>\n<li>consumo consciente;<\/li>\n<li>perfis financeiros;<\/li>\n<li>cren\u00e7as limitantes;<\/li>\n<li>planejamento patrimonial;<\/li>\n<li>planejamento e organiza\u00e7\u00e3o or\u00e7ament\u00e1ria;<\/li>\n<li>investimentos;<\/li>\n<li>solu\u00e7\u00f5es tecnol\u00f3gicas para finan\u00e7as<\/li>\n<\/ul>\n<p>Fa\u00e7a a sua inscri\u00e7\u00e3o, preenchendo o formul\u00e1rio a seguir.<br \/>\n<\/p>\n","protected":false},"excerpt":{"rendered":"<p>Por meio do m\u00e9todo Sa\u00fade do Bolso (SB) (clique aqui para mais<br \/><a class=\"read-more\" href=\"https:\/\/amoran.net\/?page_id=1267\">Read More <svg id=\"Layer\" enable-background=\"new 0 0 64 64\" height=\"512\" viewBox=\"0 0 64 64\" width=\"512\" xmlns=\"http:\/\/www.w3.org\/2000\/svg\"><path fill=\"#444\" d=\"m37.379 12.552c-.799-.761-2.066-.731-2.827.069-.762.8-.73 2.066.069 2.828l15.342 14.551h-39.963c-1.104 0-2 .896-2 2s.896 2 2 2h39.899l-15.278 14.552c-.8.762-.831 2.028-.069 2.828.393.412.92.62 1.448.62.496 0 .992-.183 1.379-.552l17.449-16.62c.756-.755 1.172-1.759 1.172-2.828s-.416-2.073-1.207-2.862z\"\/><\/svg><\/a><\/p>\n","protected":false},"author":1,"featured_media":0,"parent":0,"menu_order":0,"comment_status":"closed","ping_status":"closed","template":"","meta":[],"_links":{"self":[{"href":"https:\/\/amoran.net\/index.php?rest_route=\/wp\/v2\/pages\/1267"}],"collection":[{"href":"https:\/\/amoran.net\/index.php?rest_route=\/wp\/v2\/pages"}],"about":[{"href":"https:\/\/amoran.net\/index.php?rest_route=\/wp\/v2\/types\/page"}],"author":[{"embeddable":true,"href":"https:\/\/amoran.net\/index.php?rest_route=\/wp\/v2\/users\/1"}],"replies":[{"embeddable":true,"href":"https:\/\/amoran.net\/index.php?rest_route=%2Fwp%2Fv2%2Fcomments&post=1267"}],"version-history":[{"count":7,"href":"https:\/\/amoran.net\/index.php?rest_route=\/wp\/v2\/pages\/1267\/revisions"}],"predecessor-version":[{"id":1295,"href":"https:\/\/amoran.net\/index.php?rest_route=\/wp\/v2\/pages\/1267\/revisions\/1295"}],"wp:attachment":[{"href":"https:\/\/amoran.net\/index.php?rest_route=%2Fwp%2Fv2%2Fmedia&parent=1267"}],"curies":[{"name":"wp","href":"https:\/\/api.w.org\/{rel}","templated":true}]}}