{"id":1416,"date":"2022-09-22T22:03:08","date_gmt":"2022-09-22T22:03:08","guid":{"rendered":"https:\/\/amoran.net\/?page_id=1416"},"modified":"2022-09-25T19:32:59","modified_gmt":"2022-09-25T19:32:59","slug":"atendimento-com-o-nutricionista-danilo-schaefer","status":"publish","type":"page","link":"https:\/\/amoran.net\/?page_id=1416","title":{"rendered":"Atendimento com o Nutricionista Danilo Schaefer"},"content":{"rendered":"<div id=\"pl-1416\"  class=\"panel-layout\" ><div id=\"pg-1416-0\"  class=\"panel-grid panel-no-style\" ><div id=\"pgc-1416-0-0\"  class=\"panel-grid-cell\" ><div id=\"panel-1416-0-0-0\" class=\"so-panel widget widget_sow-editor panel-first-child panel-last-child\" data-index=\"0\" ><div class=\"panel-widget-style panel-widget-style-for-1416-0-0-0\" ><div\n\t\t\t\n\t\t\tclass=\"so-widget-sow-editor so-widget-sow-editor-base\"\n\t\t\t\n\t\t>\n<div class=\"siteorigin-widget-tinymce textwidget\">\n\t<p>Preencha o formul\u00e1rio abaixo para o agendamento de consulta com o nutricionista Danilo Schaefer.<\/p>\n<p>O profissional entrar\u00e1 em contato com voc\u00ea para definir os detalhes do atendimento.<\/p>\n<p><strong><div class=\"wpforms-container wpforms-container-full\" id=\"wpforms-1413\"><form id=\"wpforms-form-1413\" class=\"wpforms-validate wpforms-form\" data-formid=\"1413\" method=\"post\" enctype=\"multipart\/form-data\" action=\"\/index.php?rest_route=%2Fwp%2Fv2%2Fpages%2F1416\" data-token=\"99387264e28234ec2221924c8fe564bd\"><noscript class=\"wpforms-error-noscript\">Ative o JavaScript no seu navegador para preencher este formul\u00e1rio.<\/noscript><div class=\"wpforms-field-container\"><div id=\"wpforms-1413-field_0-container\" class=\"wpforms-field wpforms-field-name\" data-field-id=\"0\"><label class=\"wpforms-field-label\" for=\"wpforms-1413-field_0\">Nome <span class=\"wpforms-required-label\">*<\/span><\/label><div class=\"wpforms-field-row wpforms-field-medium\"><div class=\"wpforms-field-row-block wpforms-first wpforms-one-half\"><input type=\"text\" id=\"wpforms-1413-field_0\" class=\"wpforms-field-name-first wpforms-field-required\" name=\"wpforms[fields][0][first]\" required><label for=\"wpforms-1413-field_0\" class=\"wpforms-field-sublabel after \">Nome<\/label><\/div><div class=\"wpforms-field-row-block wpforms-one-half\"><input type=\"text\" id=\"wpforms-1413-field_0-last\" class=\"wpforms-field-name-last wpforms-field-required\" name=\"wpforms[fields][0][last]\" required><label for=\"wpforms-1413-field_0-last\" class=\"wpforms-field-sublabel after \">Sobrenome<\/label><\/div><\/div><\/div><div id=\"wpforms-1413-field_1-container\" class=\"wpforms-field wpforms-field-email\" data-field-id=\"1\"><label class=\"wpforms-field-label\" for=\"wpforms-1413-field_1\">E-mail <span class=\"wpforms-required-label\">*<\/span><\/label><input type=\"email\" id=\"wpforms-1413-field_1\" class=\"wpforms-field-medium wpforms-field-required\" name=\"wpforms[fields][1]\" spellcheck=\"false\" required><\/div><div id=\"wpforms-1413-field_3-container\" class=\"wpforms-field wpforms-field-number\" data-field-id=\"3\"><label class=\"wpforms-field-label\" for=\"wpforms-1413-field_3\">Celular para contato <span class=\"wpforms-required-label\">*<\/span><\/label><input type=\"number\" pattern=\"\\d*\" id=\"wpforms-1413-field_3\" class=\"wpforms-field-medium wpforms-field-required\" name=\"wpforms[fields][3]\" required><\/div><div id=\"wpforms-1413-field_4-container\" class=\"wpforms-field wpforms-field-radio\" data-field-id=\"4\"><label class=\"wpforms-field-label\" for=\"wpforms-1413-field_4\">Esse celular tem WhatsApp? <span class=\"wpforms-required-label\">*<\/span><\/label><ul id=\"wpforms-1413-field_4\" class=\"wpforms-field-required\"><li class=\"choice-1 depth-1\"><input type=\"radio\" id=\"wpforms-1413-field_4_1\" name=\"wpforms[fields][4]\" value=\"Sim\" required ><label class=\"wpforms-field-label-inline\" for=\"wpforms-1413-field_4_1\">Sim<\/label><\/li><li class=\"choice-2 depth-1\"><input type=\"radio\" id=\"wpforms-1413-field_4_2\" name=\"wpforms[fields][4]\" value=\"N\u00e3o\" required ><label class=\"wpforms-field-label-inline\" for=\"wpforms-1413-field_4_2\">N\u00e3o<\/label><\/li><\/ul><\/div><div id=\"wpforms-1413-field_5-container\" class=\"wpforms-field wpforms-field-radio\" data-field-id=\"5\"><label class=\"wpforms-field-label\" for=\"wpforms-1413-field_5\">Voc\u00ea \u00e9 associado (a) da Amoran?  <span class=\"wpforms-required-label\">*<\/span><\/label><ul id=\"wpforms-1413-field_5\" class=\"wpforms-field-required\"><li class=\"choice-1 depth-1\"><input type=\"radio\" id=\"wpforms-1413-field_5_1\" name=\"wpforms[fields][5]\" value=\"Sim\" required ><label class=\"wpforms-field-label-inline\" for=\"wpforms-1413-field_5_1\">Sim<\/label><\/li><li class=\"choice-2 depth-1\"><input type=\"radio\" id=\"wpforms-1413-field_5_2\" name=\"wpforms[fields][5]\" value=\"N\u00e3o\" required ><label class=\"wpforms-field-label-inline\" for=\"wpforms-1413-field_5_2\">N\u00e3o<\/label><\/li><\/ul><\/div><div id=\"wpforms-1413-field_8-container\" class=\"wpforms-field wpforms-field-checkbox\" data-field-id=\"8\"><label class=\"wpforms-field-label\" for=\"wpforms-1413-field_8\">Assinale abaixo o(s) atendimento(s) do seu interesse:<\/label><ul id=\"wpforms-1413-field_8\"><li class=\"choice-2 depth-1\"><input type=\"checkbox\" id=\"wpforms-1413-field_8_2\" name=\"wpforms[fields][8][]\" value=\"Curso de Ingl\u00eas, com Fernanda Junqueira\"  ><label class=\"wpforms-field-label-inline\" for=\"wpforms-1413-field_8_2\">Curso de Ingl\u00eas, com Fernanda Junqueira<\/label><\/li><li class=\"choice-4 depth-1\"><input type=\"checkbox\" id=\"wpforms-1413-field_8_4\" name=\"wpforms[fields][8][]\" value=\"Aulas de Yoga, com Rita Pessoa\"  ><label class=\"wpforms-field-label-inline\" for=\"wpforms-1413-field_8_4\">Aulas de Yoga, com Rita Pessoa<\/label><\/li><li class=\"choice-7 depth-1\"><input type=\"checkbox\" id=\"wpforms-1413-field_8_7\" name=\"wpforms[fields][8][]\" value=\"Baby Tennis, com Juliana Villas-B\u00f4as\"  ><label class=\"wpforms-field-label-inline\" for=\"wpforms-1413-field_8_7\">Baby Tennis, com Juliana Villas-B\u00f4as<\/label><\/li><\/ul><\/div><div id=\"wpforms-1413-field_2-container\" class=\"wpforms-field wpforms-field-textarea\" data-field-id=\"2\"><label class=\"wpforms-field-label\" for=\"wpforms-1413-field_2\">Se necess\u00e1rio, use o espa\u00e7o abaixo para observa\u00e7\u00f5es <\/label><textarea id=\"wpforms-1413-field_2\" class=\"wpforms-field-medium\" name=\"wpforms[fields][2]\" ><\/textarea><\/div><\/div><!-- .wpforms-field-container --><div class=\"wpforms-submit-container\" ><input type=\"hidden\" name=\"wpforms[id]\" value=\"1413\"><input type=\"hidden\" name=\"wpforms[author]\" value=\"2\"><button type=\"submit\" name=\"wpforms[submit]\" id=\"wpforms-submit-1413\" class=\"wpforms-submit\" data-alt-text=\"Enviando...\" data-submit-text=\"Enviar\" aria-live=\"assertive\" value=\"wpforms-submit\">Enviar<\/button><\/div><\/form><\/div>  <!-- .wpforms-container --><\/strong><\/p>\n<\/div>\n<\/div><\/div><\/div><\/div><\/div><\/div>","protected":false},"excerpt":{"rendered":"<p>Preencha o formul\u00e1rio abaixo para o agendamento de consulta com o nutricionista<br \/><a class=\"read-more\" href=\"https:\/\/amoran.net\/?page_id=1416\">Read More <svg id=\"Layer\" enable-background=\"new 0 0 64 64\" height=\"512\" viewBox=\"0 0 64 64\" width=\"512\" xmlns=\"http:\/\/www.w3.org\/2000\/svg\"><path fill=\"#444\" d=\"m37.379 12.552c-.799-.761-2.066-.731-2.827.069-.762.8-.73 2.066.069 2.828l15.342 14.551h-39.963c-1.104 0-2 .896-2 2s.896 2 2 2h39.899l-15.278 14.552c-.8.762-.831 2.028-.069 2.828.393.412.92.62 1.448.62.496 0 .992-.183 1.379-.552l17.449-16.62c.756-.755 1.172-1.759 1.172-2.828s-.416-2.073-1.207-2.862z\"\/><\/svg><\/a><\/p>\n","protected":false},"author":2,"featured_media":0,"parent":0,"menu_order":0,"comment_status":"closed","ping_status":"closed","template":"","meta":[],"_links":{"self":[{"href":"https:\/\/amoran.net\/index.php?rest_route=\/wp\/v2\/pages\/1416"}],"collection":[{"href":"https:\/\/amoran.net\/index.php?rest_route=\/wp\/v2\/pages"}],"about":[{"href":"https:\/\/amoran.net\/index.php?rest_route=\/wp\/v2\/types\/page"}],"author":[{"embeddable":true,"href":"https:\/\/amoran.net\/index.php?rest_route=\/wp\/v2\/users\/2"}],"replies":[{"embeddable":true,"href":"https:\/\/amoran.net\/index.php?rest_route=%2Fwp%2Fv2%2Fcomments&post=1416"}],"version-history":[{"count":4,"href":"https:\/\/amoran.net\/index.php?rest_route=\/wp\/v2\/pages\/1416\/revisions"}],"predecessor-version":[{"id":1440,"href":"https:\/\/amoran.net\/index.php?rest_route=\/wp\/v2\/pages\/1416\/revisions\/1440"}],"wp:attachment":[{"href":"https:\/\/amoran.net\/index.php?rest_route=%2Fwp%2Fv2%2Fmedia&parent=1416"}],"curies":[{"name":"wp","href":"https:\/\/api.w.org\/{rel}","templated":true}]}}