{"id":1481,"date":"2022-09-29T21:11:05","date_gmt":"2022-09-29T21:11:05","guid":{"rendered":"https:\/\/amoran.net\/?page_id=1481"},"modified":"2022-09-29T21:15:01","modified_gmt":"2022-09-29T21:15:01","slug":"cadastro-na-rede-de-protecao-preventiva-pessoa-juridica-rpp-pj","status":"publish","type":"page","link":"https:\/\/amoran.net\/?page_id=1481","title":{"rendered":"Cadastro na Rede de Prote\u00e7\u00e3o Preventiva &#8211; Pessoa Jur\u00eddica (RPP-PJ)"},"content":{"rendered":"<div id=\"pl-1481\"  class=\"panel-layout\" ><div id=\"pg-1481-0\"  class=\"panel-grid panel-no-style\" ><div id=\"pgc-1481-0-0\"  class=\"panel-grid-cell\" ><div id=\"panel-1481-0-0-0\" class=\"so-panel widget widget_sow-editor panel-first-child panel-last-child\" data-index=\"0\" ><div class=\"panel-widget-style panel-widget-style-for-1481-0-0-0\" ><div\n\t\t\t\n\t\t\tclass=\"so-widget-sow-editor so-widget-sow-editor-base\"\n\t\t\t\n\t\t>\n<div class=\"siteorigin-widget-tinymce textwidget\">\n\t<p>Preencha os dados abaixo para participar da RPP-PJ.<\/p>\n<p>Se deseja mais informa\u00e7\u00f5es sobre o projeto, <a href=\"https:\/\/amoran.net\/?page_id=1358\" target=\"_blank\" rel=\"noopener\">clique aqui<\/a>.<\/p>\n<p>\u00a0<\/p>\n<div class=\"wpforms-container wpforms-container-full\" id=\"wpforms-1448\"><form id=\"wpforms-form-1448\" class=\"wpforms-validate wpforms-form wpforms-ajax-form\" data-formid=\"1448\" method=\"post\" enctype=\"multipart\/form-data\" action=\"\/index.php?rest_route=%2Fwp%2Fv2%2Fpages%2F1481\" data-token=\"94d2622497cb763ea085f0e2355d39a4\"><noscript class=\"wpforms-error-noscript\">Ative o JavaScript no seu navegador para preencher este formul\u00e1rio.<\/noscript><div class=\"wpforms-field-container\"><div id=\"wpforms-1448-field_1-container\" class=\"wpforms-field wpforms-field-text\" data-field-id=\"1\"><label class=\"wpforms-field-label\" for=\"wpforms-1448-field_1\">Seu nome ou Raz\u00e3o Social (em caso de pessoa jur\u00eddica) <span class=\"wpforms-required-label\">*<\/span><\/label><input type=\"text\" id=\"wpforms-1448-field_1\" class=\"wpforms-field-medium wpforms-field-required\" name=\"wpforms[fields][1]\" required><\/div><div id=\"wpforms-1448-field_2-container\" class=\"wpforms-field wpforms-field-text\" data-field-id=\"2\"><label class=\"wpforms-field-label\" for=\"wpforms-1448-field_2\">Nome Fantasia (em caso de pessoa jur\u00eddica)<\/label><input type=\"text\" id=\"wpforms-1448-field_2\" class=\"wpforms-field-medium\" name=\"wpforms[fields][2]\" ><\/div><div id=\"wpforms-1448-field_6-container\" class=\"wpforms-field wpforms-field-text\" data-field-id=\"6\"><label class=\"wpforms-field-label\" for=\"wpforms-1448-field_6\">Endere\u00e7o com n\u00famero e complemento (se houver) <span class=\"wpforms-required-label\">*<\/span><\/label><input type=\"text\" id=\"wpforms-1448-field_6\" class=\"wpforms-field-medium wpforms-field-required\" name=\"wpforms[fields][6]\" required><div class=\"wpforms-field-description\">Os n\u00facleos ser\u00e3o organizados de acordo com os endere\u00e7os\r\n<\/div><\/div><div id=\"wpforms-1448-field_11-container\" class=\"wpforms-field wpforms-field-select wpforms-field-select-style-classic\" data-field-id=\"11\"><label class=\"wpforms-field-label\" for=\"wpforms-1448-field_11\">Bairro <span class=\"wpforms-required-label\">*<\/span><\/label><select id=\"wpforms-1448-field_11\" class=\"wpforms-field-medium wpforms-field-required\" name=\"wpforms[fields][11]\" required=\"required\"><option value=\"Anchieta\" >Anchieta<\/option><option value=\"Carmo\" >Carmo<\/option><option value=\"Comiteco\" >Comiteco<\/option><option value=\"Cruzeiro\" >Cruzeiro<\/option><option value=\"Sion\" >Sion<\/option><\/select><\/div><div id=\"wpforms-1448-field_4-container\" class=\"wpforms-field wpforms-field-number\" data-field-id=\"4\"><label class=\"wpforms-field-label\" for=\"wpforms-1448-field_4\">CEP <span class=\"wpforms-required-label\">*<\/span><\/label><input type=\"number\" pattern=\"\\d*\" id=\"wpforms-1448-field_4\" class=\"wpforms-field-medium wpforms-field-required\" name=\"wpforms[fields][4]\" required><div class=\"wpforms-field-description\">APENAS N\u00daMEROS<\/div><\/div><div id=\"wpforms-1448-field_7-container\" class=\"wpforms-field wpforms-field-number\" data-field-id=\"7\"><label class=\"wpforms-field-label\" for=\"wpforms-1448-field_7\">Telefone para contato <span class=\"wpforms-required-label\">*<\/span><\/label><input type=\"number\" pattern=\"\\d*\" id=\"wpforms-1448-field_7\" class=\"wpforms-field-medium wpforms-field-required\" name=\"wpforms[fields][7]\" required><div class=\"wpforms-field-description\">APENAS N\u00daMEROS<\/div><\/div><div id=\"wpforms-1448-field_8-container\" class=\"wpforms-field wpforms-field-radio\" data-field-id=\"8\"><label class=\"wpforms-field-label\" for=\"wpforms-1448-field_8\">Este telefone possui WhatsApp <span class=\"wpforms-required-label\">*<\/span><\/label><ul id=\"wpforms-1448-field_8\" class=\"wpforms-field-required\"><li class=\"choice-1 depth-1\"><input type=\"radio\" id=\"wpforms-1448-field_8_1\" name=\"wpforms[fields][8]\" value=\"Sim\" required ><label class=\"wpforms-field-label-inline\" for=\"wpforms-1448-field_8_1\">Sim<\/label><\/li><li class=\"choice-2 depth-1\"><input type=\"radio\" id=\"wpforms-1448-field_8_2\" name=\"wpforms[fields][8]\" value=\"N\u00e3o\" required ><label class=\"wpforms-field-label-inline\" for=\"wpforms-1448-field_8_2\">N\u00e3o<\/label><\/li><\/ul><\/div><div id=\"wpforms-1448-field_9-container\" class=\"wpforms-field wpforms-field-radio\" data-field-id=\"9\"><label class=\"wpforms-field-label\" for=\"wpforms-1448-field_9\">Voc\u00ea se disp\u00f5e a ser um(a) representante do seu n\u00facleo junto \u00e0 RPP? <span class=\"wpforms-required-label\">*<\/span><\/label><ul id=\"wpforms-1448-field_9\" class=\"wpforms-field-required\"><li class=\"choice-1 depth-1\"><input type=\"radio\" id=\"wpforms-1448-field_9_1\" name=\"wpforms[fields][9]\" value=\"Sim\" required ><label class=\"wpforms-field-label-inline\" for=\"wpforms-1448-field_9_1\">Sim<\/label><\/li><li class=\"choice-2 depth-1\"><input type=\"radio\" id=\"wpforms-1448-field_9_2\" name=\"wpforms[fields][9]\" value=\"N\u00e3o\" required ><label class=\"wpforms-field-label-inline\" for=\"wpforms-1448-field_9_2\">N\u00e3o<\/label><\/li><\/ul><div class=\"wpforms-field-description\">O(a) representante atuar\u00e1 como um facilitador junto ao n\u00facleo, cumprindo principalmente a fun\u00e7\u00e3o de transmitir informa\u00e7\u00f5es aos vizinhos.<\/div><\/div><div id=\"wpforms-1448-field_12-container\" class=\"wpforms-field wpforms-field-radio\" data-field-id=\"12\"><label class=\"wpforms-field-label\" for=\"wpforms-1448-field_12\">A sua resid\u00eancia ou estabelecimento \u00e9 associado(a) da Amoran?  <span class=\"wpforms-required-label\">*<\/span><\/label><ul id=\"wpforms-1448-field_12\" class=\"wpforms-field-required\"><li class=\"choice-1 depth-1\"><input type=\"radio\" id=\"wpforms-1448-field_12_1\" name=\"wpforms[fields][12]\" value=\"Sim\" required ><label class=\"wpforms-field-label-inline\" for=\"wpforms-1448-field_12_1\">Sim<\/label><\/li><li class=\"choice-2 depth-1\"><input type=\"radio\" id=\"wpforms-1448-field_12_2\" name=\"wpforms[fields][12]\" value=\"N\u00e3o\" required ><label class=\"wpforms-field-label-inline\" for=\"wpforms-1448-field_12_2\">N\u00e3o<\/label><\/li><\/ul><div class=\"wpforms-field-description\">N\u00e3o h\u00e1 obrigatoriedade de se associar para participar da RPP Amoran<\/div><\/div><div id=\"wpforms-1448-field_3-container\" class=\"wpforms-field wpforms-field-text\" data-field-id=\"3\"><label class=\"wpforms-field-label\" for=\"wpforms-1448-field_3\">Nome do(a) representante que atuar\u00e1 junto \u00e0 RPP em nome do estabelecimento (somente pessoa jur\u00eddica)<\/label><input type=\"text\" id=\"wpforms-1448-field_3\" class=\"wpforms-field-medium\" name=\"wpforms[fields][3]\" ><\/div><div id=\"wpforms-1448-field_5-container\" class=\"wpforms-field wpforms-field-text\" data-field-id=\"5\"><label class=\"wpforms-field-label\" for=\"wpforms-1448-field_5\">Cargo do(a) representante  no estabelecimento (somente pessoa jur\u00eddica)<\/label><input type=\"text\" id=\"wpforms-1448-field_5\" class=\"wpforms-field-medium\" name=\"wpforms[fields][5]\" ><\/div><\/div><!-- .wpforms-field-container --><div class=\"wpforms-submit-container\" ><input type=\"hidden\" name=\"wpforms[id]\" value=\"1448\"><input type=\"hidden\" name=\"wpforms[author]\" value=\"2\"><button type=\"submit\" name=\"wpforms[submit]\" id=\"wpforms-submit-1448\" class=\"wpforms-submit\" data-alt-text=\"Enviando...\" data-submit-text=\"Enviar\" aria-live=\"assertive\" value=\"wpforms-submit\">Enviar<\/button><img src=\"https:\/\/amoran.net\/wp-content\/plugins\/wpforms-lite\/assets\/images\/submit-spin.svg\" class=\"wpforms-submit-spinner\" style=\"display: none;\" width=\"26\" height=\"26\" alt=\"Carregando\"><\/div><\/form><\/div>  <!-- .wpforms-container -->\n<\/div>\n<\/div><\/div><\/div><\/div><\/div><\/div>","protected":false},"excerpt":{"rendered":"<p>Preencha os dados abaixo para participar da RPP-PJ. Se deseja mais informa\u00e7\u00f5es<br \/><a class=\"read-more\" href=\"https:\/\/amoran.net\/?page_id=1481\">Read More <svg id=\"Layer\" enable-background=\"new 0 0 64 64\" height=\"512\" viewBox=\"0 0 64 64\" width=\"512\" xmlns=\"http:\/\/www.w3.org\/2000\/svg\"><path fill=\"#444\" d=\"m37.379 12.552c-.799-.761-2.066-.731-2.827.069-.762.8-.73 2.066.069 2.828l15.342 14.551h-39.963c-1.104 0-2 .896-2 2s.896 2 2 2h39.899l-15.278 14.552c-.8.762-.831 2.028-.069 2.828.393.412.92.62 1.448.62.496 0 .992-.183 1.379-.552l17.449-16.62c.756-.755 1.172-1.759 1.172-2.828s-.416-2.073-1.207-2.862z\"\/><\/svg><\/a><\/p>\n","protected":false},"author":2,"featured_media":0,"parent":0,"menu_order":0,"comment_status":"closed","ping_status":"closed","template":"","meta":[],"_links":{"self":[{"href":"https:\/\/amoran.net\/index.php?rest_route=\/wp\/v2\/pages\/1481"}],"collection":[{"href":"https:\/\/amoran.net\/index.php?rest_route=\/wp\/v2\/pages"}],"about":[{"href":"https:\/\/amoran.net\/index.php?rest_route=\/wp\/v2\/types\/page"}],"author":[{"embeddable":true,"href":"https:\/\/amoran.net\/index.php?rest_route=\/wp\/v2\/users\/2"}],"replies":[{"embeddable":true,"href":"https:\/\/amoran.net\/index.php?rest_route=%2Fwp%2Fv2%2Fcomments&post=1481"}],"version-history":[{"count":3,"href":"https:\/\/amoran.net\/index.php?rest_route=\/wp\/v2\/pages\/1481\/revisions"}],"predecessor-version":[{"id":1486,"href":"https:\/\/amoran.net\/index.php?rest_route=\/wp\/v2\/pages\/1481\/revisions\/1486"}],"wp:attachment":[{"href":"https:\/\/amoran.net\/index.php?rest_route=%2Fwp%2Fv2%2Fmedia&parent=1481"}],"curies":[{"name":"wp","href":"https:\/\/api.w.org\/{rel}","templated":true}]}}