{"id":1508,"date":"2022-11-22T21:19:19","date_gmt":"2022-11-22T21:19:19","guid":{"rendered":"https:\/\/amoran.net\/?page_id=1508"},"modified":"2022-11-29T12:59:51","modified_gmt":"2022-11-29T12:59:51","slug":"danca-para-a-terceira-idade-espaco-cultural-michelle-saliba-na-amoran","status":"publish","type":"page","link":"https:\/\/amoran.net\/?page_id=1508","title":{"rendered":"Dan\u00e7a para a Terceira Idade &#8211; Espa\u00e7o Cultural Michelle Saliba, na Amoran"},"content":{"rendered":"<div id=\"pl-1508\"  class=\"panel-layout\" ><div id=\"pg-1508-0\"  class=\"panel-grid panel-no-style\" ><div id=\"pgc-1508-0-0\"  class=\"panel-grid-cell\" ><div id=\"panel-1508-0-0-0\" class=\"so-panel widget widget_sow-editor panel-first-child panel-last-child\" data-index=\"0\" ><div class=\"panel-widget-style panel-widget-style-for-1508-0-0-0\" ><div\n\t\t\t\n\t\t\tclass=\"so-widget-sow-editor so-widget-sow-editor-base\"\n\t\t\t\n\t\t>\n<div class=\"siteorigin-widget-tinymce textwidget\">\n\t<p>Para obter mais informa\u00e7\u00f5es sobre a Dan\u00e7a para a Terceira Idade na Amoran, por gentileza, preencha o formul\u00e1rio abaixo.<\/p>\n<p>Em seguida a equipe do Espa\u00e7o Cultural Michelle Saliba far\u00e1 contato para esclarecer todas as duas d\u00favidas.<\/p>\n\n<\/div>\n<\/div><\/div><\/div><\/div><\/div><\/div>","protected":false},"excerpt":{"rendered":"<p>Para obter mais informa\u00e7\u00f5es sobre a Dan\u00e7a para a Terceira Idade na<br \/><a class=\"read-more\" href=\"https:\/\/amoran.net\/?page_id=1508\">Read More <svg id=\"Layer\" enable-background=\"new 0 0 64 64\" height=\"512\" viewBox=\"0 0 64 64\" width=\"512\" xmlns=\"http:\/\/www.w3.org\/2000\/svg\"><path fill=\"#444\" d=\"m37.379 12.552c-.799-.761-2.066-.731-2.827.069-.762.8-.73 2.066.069 2.828l15.342 14.551h-39.963c-1.104 0-2 .896-2 2s.896 2 2 2h39.899l-15.278 14.552c-.8.762-.831 2.028-.069 2.828.393.412.92.62 1.448.62.496 0 .992-.183 1.379-.552l17.449-16.62c.756-.755 1.172-1.759 1.172-2.828s-.416-2.073-1.207-2.862z\"\/><\/svg><\/a><\/p>\n","protected":false},"author":2,"featured_media":0,"parent":0,"menu_order":0,"comment_status":"closed","ping_status":"closed","template":"","meta":[],"_links":{"self":[{"href":"https:\/\/amoran.net\/index.php?rest_route=\/wp\/v2\/pages\/1508"}],"collection":[{"href":"https:\/\/amoran.net\/index.php?rest_route=\/wp\/v2\/pages"}],"about":[{"href":"https:\/\/amoran.net\/index.php?rest_route=\/wp\/v2\/types\/page"}],"author":[{"embeddable":true,"href":"https:\/\/amoran.net\/index.php?rest_route=\/wp\/v2\/users\/2"}],"replies":[{"embeddable":true,"href":"https:\/\/amoran.net\/index.php?rest_route=%2Fwp%2Fv2%2Fcomments&post=1508"}],"version-history":[{"count":4,"href":"https:\/\/amoran.net\/index.php?rest_route=\/wp\/v2\/pages\/1508\/revisions"}],"predecessor-version":[{"id":1521,"href":"https:\/\/amoran.net\/index.php?rest_route=\/wp\/v2\/pages\/1508\/revisions\/1521"}],"wp:attachment":[{"href":"https:\/\/amoran.net\/index.php?rest_route=%2Fwp%2Fv2%2Fmedia&parent=1508"}],"curies":[{"name":"wp","href":"https:\/\/api.w.org\/{rel}","templated":true}]}}