{"id":1621,"date":"2023-10-23T21:12:02","date_gmt":"2023-10-23T21:12:02","guid":{"rendered":"https:\/\/amoran.net\/?page_id=1621"},"modified":"2023-10-23T21:27:49","modified_gmt":"2023-10-23T21:27:49","slug":"papo-de-condominio","status":"publish","type":"page","link":"https:\/\/amoran.net\/?page_id=1621","title":{"rendered":"Papo de Condom\u00ednio"},"content":{"rendered":"<div id=\"pl-1621\" class=\"panel-layout\">\n<div id=\"pg-1621-0\" class=\"panel-grid panel-no-style\">\n<div id=\"pgc-1621-0-0\" class=\"panel-grid-cell\" data-weight=\"1\">\n<div id=\"panel-1621-0-0-0\" class=\"so-panel widget widget_sow-editor panel-first-child panel-last-child\" data-index=\"0\" data-style=\"{&quot;background_image_attachment&quot;:false,&quot;background_display&quot;:&quot;tile&quot;,&quot;background_image_size&quot;:&quot;full&quot;,&quot;border_thickness&quot;:&quot;1px&quot;,&quot;font_color&quot;:&quot;#0c0c0c&quot;}\">\n<div class=\"panel-widget-style panel-widget-style-for-1621-0-0-0\">\n<div class=\"so-widget-sow-editor so-widget-sow-editor-base\">\n<div class=\"siteorigin-widget-tinymce textwidget\">\n<p>O\u00a0<em>Papo de Condom\u00ednio <\/em>\u00e9 um projeto da Amoran que tem como prop\u00f3sito promover o encontro de s\u00edndicos, residente ou profissionais, e cond\u00f4minos em um ambiente descontra\u00eddo, onde possam ser trocadas informa\u00e7\u00f5es diversas sobre gest\u00e3o condominial ou sobre a vida em condom\u00ednios.<\/p>\n<p>Se voc\u00ea deseja receber mais informa\u00e7\u00f5es sobre data e hor\u00e1rios de realiza\u00e7\u00e3o, preencha o formul\u00e1rio abaixo. <div class=\"wpforms-container wpforms-container-full\" id=\"wpforms-1541\"><form id=\"wpforms-form-1541\" class=\"wpforms-validate wpforms-form\" data-formid=\"1541\" method=\"post\" enctype=\"multipart\/form-data\" action=\"\/index.php?rest_route=%2Fwp%2Fv2%2Fpages%2F1621\" data-token=\"7945a8af2c9ff976c59708efc5ef9ebf\"><noscript class=\"wpforms-error-noscript\">Ative o JavaScript no seu navegador para preencher este formul\u00e1rio.<\/noscript><div class=\"wpforms-field-container\"><div id=\"wpforms-1541-field_0-container\" class=\"wpforms-field wpforms-field-name\" data-field-id=\"0\"><label class=\"wpforms-field-label\" for=\"wpforms-1541-field_0\">Seu nome <span class=\"wpforms-required-label\">*<\/span><\/label><div class=\"wpforms-field-row wpforms-field-medium\"><div class=\"wpforms-field-row-block wpforms-first wpforms-one-half\"><input type=\"text\" id=\"wpforms-1541-field_0\" class=\"wpforms-field-name-first wpforms-field-required\" name=\"wpforms[fields][0][first]\" required><label for=\"wpforms-1541-field_0\" class=\"wpforms-field-sublabel after \">Nome<\/label><\/div><div class=\"wpforms-field-row-block wpforms-one-half\"><input type=\"text\" id=\"wpforms-1541-field_0-last\" class=\"wpforms-field-name-last wpforms-field-required\" name=\"wpforms[fields][0][last]\" required><label for=\"wpforms-1541-field_0-last\" class=\"wpforms-field-sublabel after \">Sobrenome<\/label><\/div><\/div><\/div><div id=\"wpforms-1541-field_3-container\" class=\"wpforms-field wpforms-field-number\" data-field-id=\"3\"><label class=\"wpforms-field-label\" for=\"wpforms-1541-field_3\">Celular para contato <span class=\"wpforms-required-label\">*<\/span><\/label><input type=\"number\" pattern=\"\\d*\" id=\"wpforms-1541-field_3\" class=\"wpforms-field-medium wpforms-field-required\" name=\"wpforms[fields][3]\" required><\/div><div id=\"wpforms-1541-field_4-container\" class=\"wpforms-field wpforms-field-radio\" data-field-id=\"4\"><label class=\"wpforms-field-label\" for=\"wpforms-1541-field_4\">Esse celular tem WhatsApp? <span class=\"wpforms-required-label\">*<\/span><\/label><ul id=\"wpforms-1541-field_4\" class=\"wpforms-field-required\"><li class=\"choice-1 depth-1\"><input type=\"radio\" id=\"wpforms-1541-field_4_1\" name=\"wpforms[fields][4]\" value=\"Sim\" required ><label class=\"wpforms-field-label-inline\" for=\"wpforms-1541-field_4_1\">Sim<\/label><\/li><li class=\"choice-2 depth-1\"><input type=\"radio\" id=\"wpforms-1541-field_4_2\" name=\"wpforms[fields][4]\" value=\"N\u00e3o\" required ><label class=\"wpforms-field-label-inline\" for=\"wpforms-1541-field_4_2\">N\u00e3o<\/label><\/li><\/ul><\/div><div id=\"wpforms-1541-field_1-container\" class=\"wpforms-field wpforms-field-email\" data-field-id=\"1\"><label class=\"wpforms-field-label\" for=\"wpforms-1541-field_1\">E-mail <span class=\"wpforms-required-label\">*<\/span><\/label><input type=\"email\" id=\"wpforms-1541-field_1\" class=\"wpforms-field-medium wpforms-field-required\" name=\"wpforms[fields][1]\" spellcheck=\"false\" required><\/div><div id=\"wpforms-1541-field_11-container\" class=\"wpforms-field wpforms-field-radio\" data-field-id=\"11\"><label class=\"wpforms-field-label\" for=\"wpforms-1541-field_11\">Voc\u00ea \u00e9: <span class=\"wpforms-required-label\">*<\/span><\/label><ul id=\"wpforms-1541-field_11\" class=\"wpforms-field-required\"><li class=\"choice-1 depth-1\"><input type=\"radio\" id=\"wpforms-1541-field_11_1\" name=\"wpforms[fields][11]\" value=\"S\u00edndico(a) residente\" required ><label class=\"wpforms-field-label-inline\" for=\"wpforms-1541-field_11_1\">S\u00edndico(a) residente<\/label><\/li><li class=\"choice-2 depth-1\"><input type=\"radio\" id=\"wpforms-1541-field_11_2\" name=\"wpforms[fields][11]\" value=\"S\u00edndico(a) profissional\" required ><label class=\"wpforms-field-label-inline\" for=\"wpforms-1541-field_11_2\">S\u00edndico(a) profissional<\/label><\/li><li class=\"choice-3 depth-1\"><input type=\"radio\" id=\"wpforms-1541-field_11_3\" name=\"wpforms[fields][11]\" value=\"Cond\u00f4mino(a)\" required ><label class=\"wpforms-field-label-inline\" for=\"wpforms-1541-field_11_3\">Cond\u00f4mino(a)<\/label><\/li><li class=\"choice-4 depth-1\"><input type=\"radio\" id=\"wpforms-1541-field_11_4\" name=\"wpforms[fields][11]\" value=\"Outro (a)\" required ><label class=\"wpforms-field-label-inline\" for=\"wpforms-1541-field_11_4\">Outro (a)<\/label><\/li><\/ul><\/div><div id=\"wpforms-1541-field_14-container\" class=\"wpforms-field wpforms-field-text\" data-field-id=\"14\"><label class=\"wpforms-field-label\" for=\"wpforms-1541-field_14\">Se assinalou &quot;outro (a)&quot;, especifique<\/label><input type=\"text\" id=\"wpforms-1541-field_14\" class=\"wpforms-field-medium\" name=\"wpforms[fields][14]\" ><\/div><div id=\"wpforms-1541-field_12-container\" class=\"wpforms-field wpforms-field-text\" data-field-id=\"12\"><label class=\"wpforms-field-label\" for=\"wpforms-1541-field_12\">Qual condom\u00ednio ou empresa voc\u00ea representa? <span class=\"wpforms-required-label\">*<\/span><\/label><input type=\"text\" id=\"wpforms-1541-field_12\" class=\"wpforms-field-medium wpforms-field-required\" name=\"wpforms[fields][12]\" required><\/div><div id=\"wpforms-1541-field_15-container\" class=\"wpforms-field wpforms-field-text\" data-field-id=\"15\"><label class=\"wpforms-field-label\" for=\"wpforms-1541-field_15\">Qual o endere\u00e7o? (especifique o bairro) <span class=\"wpforms-required-label\">*<\/span><\/label><input type=\"text\" id=\"wpforms-1541-field_15\" class=\"wpforms-field-medium wpforms-field-required\" name=\"wpforms[fields][15]\" required><\/div><div id=\"wpforms-1541-field_5-container\" class=\"wpforms-field wpforms-field-radio\" data-field-id=\"5\"><label class=\"wpforms-field-label\" for=\"wpforms-1541-field_5\">O condom\u00ednio \u00e9 associado da Amoran?  <span class=\"wpforms-required-label\">*<\/span><\/label><ul id=\"wpforms-1541-field_5\" class=\"wpforms-field-required\"><li class=\"choice-1 depth-1\"><input type=\"radio\" id=\"wpforms-1541-field_5_1\" name=\"wpforms[fields][5]\" value=\"Sim\" required ><label class=\"wpforms-field-label-inline\" for=\"wpforms-1541-field_5_1\">Sim<\/label><\/li><li class=\"choice-2 depth-1\"><input type=\"radio\" id=\"wpforms-1541-field_5_2\" name=\"wpforms[fields][5]\" value=\"N\u00e3o\" required ><label class=\"wpforms-field-label-inline\" for=\"wpforms-1541-field_5_2\">N\u00e3o<\/label><\/li><\/ul><\/div><div id=\"wpforms-1541-field_9-container\" class=\"wpforms-field wpforms-field-checkbox\" data-field-id=\"9\"><label class=\"wpforms-field-label\" for=\"wpforms-1541-field_9\">Se desejar, assinale as pautas mais relevantes para voc\u00ea<\/label><ul id=\"wpforms-1541-field_9\"><li class=\"choice-1 depth-1\"><input type=\"checkbox\" id=\"wpforms-1541-field_9_1\" name=\"wpforms[fields][9][]\" value=\"Atividades no condom\u00ednio (de lazer, esportes ou outras)\"  ><label class=\"wpforms-field-label-inline\" for=\"wpforms-1541-field_9_1\">Atividades no condom\u00ednio (de lazer, esportes ou outras)<\/label><\/li><li class=\"choice-2 depth-1\"><input type=\"checkbox\" id=\"wpforms-1541-field_9_2\" name=\"wpforms[fields][9][]\" value=\"Gest\u00e3o de conflitos\"  ><label class=\"wpforms-field-label-inline\" for=\"wpforms-1541-field_9_2\">Gest\u00e3o de conflitos<\/label><\/li><li class=\"choice-3 depth-1\"><input type=\"checkbox\" id=\"wpforms-1541-field_9_3\" name=\"wpforms[fields][9][]\" value=\"Gest\u00e3o condominial\"  ><label class=\"wpforms-field-label-inline\" for=\"wpforms-1541-field_9_3\">Gest\u00e3o condominial<\/label><\/li><li class=\"choice-4 depth-1\"><input type=\"checkbox\" id=\"wpforms-1541-field_9_4\" name=\"wpforms[fields][9][]\" value=\"Contabilidade\"  ><label class=\"wpforms-field-label-inline\" for=\"wpforms-1541-field_9_4\">Contabilidade<\/label><\/li><li class=\"choice-5 depth-1\"><input type=\"checkbox\" id=\"wpforms-1541-field_9_5\" name=\"wpforms[fields][9][]\" value=\"Legisla\u00e7\u00e3o condominial\"  ><label class=\"wpforms-field-label-inline\" for=\"wpforms-1541-field_9_5\">Legisla\u00e7\u00e3o condominial<\/label><\/li><li class=\"choice-6 depth-1\"><input type=\"checkbox\" id=\"wpforms-1541-field_9_6\" name=\"wpforms[fields][9][]\" value=\"Troca de informa\u00e7\u00f5es sobre produtos e servi\u00e7os\"  ><label class=\"wpforms-field-label-inline\" for=\"wpforms-1541-field_9_6\">Troca de informa\u00e7\u00f5es sobre produtos e servi\u00e7os<\/label><\/li><li class=\"choice-8 depth-1\"><input type=\"checkbox\" id=\"wpforms-1541-field_9_8\" name=\"wpforms[fields][9][]\" value=\"Seguran\u00e7a\"  ><label class=\"wpforms-field-label-inline\" for=\"wpforms-1541-field_9_8\">Seguran\u00e7a<\/label><\/li><li class=\"choice-9 depth-1\"><input type=\"checkbox\" id=\"wpforms-1541-field_9_9\" name=\"wpforms[fields][9][]\" value=\"Tecnologia\"  ><label class=\"wpforms-field-label-inline\" for=\"wpforms-1541-field_9_9\">Tecnologia<\/label><\/li><li class=\"choice-7 depth-1\"><input type=\"checkbox\" id=\"wpforms-1541-field_9_7\" name=\"wpforms[fields][9][]\" value=\"Outra(s)\"  ><label class=\"wpforms-field-label-inline\" for=\"wpforms-1541-field_9_7\">Outra(s)<\/label><\/li><\/ul><div class=\"wpforms-field-description\">Utiliz o campo abaixo para indicar outros temas e dar mais detalhes sobre as pautas de seu interesse<\/div><\/div><div id=\"wpforms-1541-field_16-container\" class=\"wpforms-field wpforms-field-text\" data-field-id=\"16\"><label class=\"wpforms-field-label\" for=\"wpforms-1541-field_16\">Se assinalou &quot;outra(s)&quot; anteriormente, especifique<\/label><input type=\"text\" id=\"wpforms-1541-field_16\" class=\"wpforms-field-medium\" name=\"wpforms[fields][16]\" ><\/div><div id=\"wpforms-1541-field_2-container\" class=\"wpforms-field wpforms-field-textarea\" data-field-id=\"2\"><label class=\"wpforms-field-label\" for=\"wpforms-1541-field_2\">Use o campo abaixo livremente, se desejar<\/label><textarea id=\"wpforms-1541-field_2\" class=\"wpforms-field-medium\" name=\"wpforms[fields][2]\" ><\/textarea><\/div><\/div><!-- .wpforms-field-container --><div class=\"wpforms-submit-container\" ><input type=\"hidden\" name=\"wpforms[id]\" value=\"1541\"><input type=\"hidden\" name=\"wpforms[author]\" value=\"2\"><button type=\"submit\" name=\"wpforms[submit]\" id=\"wpforms-submit-1541\" class=\"wpforms-submit\" data-alt-text=\"Enviando...\" data-submit-text=\"Enviar\" aria-live=\"assertive\" value=\"wpforms-submit\">Enviar<\/button><\/div><\/form><\/div>  <!-- .wpforms-container --><\/p>\n<\/div>\n<\/div>\n<\/div>\n<\/div>\n<\/div>\n<\/div>\n<\/div>\n<style type=\"text\/css\" class=\"panels-style\" data-panels-style-for-post=\"1621\">@import url(https:\/\/amoran.net\/wp-content\/plugins\/siteorigin-panels\/css\/front-flex.min.css); #pgc-1621-0-0 { width:100%;width:calc(100% - ( 0 * 30px ) ) } #pl-1621 .so-panel { margin-bottom:30px } #pl-1621 .so-panel:last-of-type { margin-bottom:0px } #panel-1621-0-0-0> .panel-widget-style { color:#0c0c0c } @media (max-width:780px){ #pg-1621-0.panel-no-style, #pg-1621-0.panel-has-style > .panel-row-style, #pg-1621-0 { -webkit-flex-direction:column;-ms-flex-direction:column;flex-direction:column } #pg-1621-0 > .panel-grid-cell , #pg-1621-0 > .panel-row-style > .panel-grid-cell { width:100%;margin-right:0 } #pl-1621 .panel-grid-cell { padding:0 } #pl-1621 .panel-grid .panel-grid-cell-empty { display:none } #pl-1621 .panel-grid .panel-grid-cell-mobile-last { margin-bottom:0px }  } <\/style>\n","protected":false},"excerpt":{"rendered":"<p>O\u00a0Papo de Condom\u00ednio \u00e9 um projeto da Amoran que tem como prop\u00f3sito<br \/><a class=\"read-more\" href=\"https:\/\/amoran.net\/?page_id=1621\">Read More <svg id=\"Layer\" enable-background=\"new 0 0 64 64\" height=\"512\" viewBox=\"0 0 64 64\" width=\"512\" xmlns=\"http:\/\/www.w3.org\/2000\/svg\"><path fill=\"#444\" d=\"m37.379 12.552c-.799-.761-2.066-.731-2.827.069-.762.8-.73 2.066.069 2.828l15.342 14.551h-39.963c-1.104 0-2 .896-2 2s.896 2 2 2h39.899l-15.278 14.552c-.8.762-.831 2.028-.069 2.828.393.412.92.62 1.448.62.496 0 .992-.183 1.379-.552l17.449-16.62c.756-.755 1.172-1.759 1.172-2.828s-.416-2.073-1.207-2.862z\"\/><\/svg><\/a><\/p>\n","protected":false},"author":2,"featured_media":0,"parent":0,"menu_order":0,"comment_status":"closed","ping_status":"closed","template":"","meta":[],"_links":{"self":[{"href":"https:\/\/amoran.net\/index.php?rest_route=\/wp\/v2\/pages\/1621"}],"collection":[{"href":"https:\/\/amoran.net\/index.php?rest_route=\/wp\/v2\/pages"}],"about":[{"href":"https:\/\/amoran.net\/index.php?rest_route=\/wp\/v2\/types\/page"}],"author":[{"embeddable":true,"href":"https:\/\/amoran.net\/index.php?rest_route=\/wp\/v2\/users\/2"}],"replies":[{"embeddable":true,"href":"https:\/\/amoran.net\/index.php?rest_route=%2Fwp%2Fv2%2Fcomments&post=1621"}],"version-history":[{"count":4,"href":"https:\/\/amoran.net\/index.php?rest_route=\/wp\/v2\/pages\/1621\/revisions"}],"predecessor-version":[{"id":1631,"href":"https:\/\/amoran.net\/index.php?rest_route=\/wp\/v2\/pages\/1621\/revisions\/1631"}],"wp:attachment":[{"href":"https:\/\/amoran.net\/index.php?rest_route=%2Fwp%2Fv2%2Fmedia&parent=1621"}],"curies":[{"name":"wp","href":"https:\/\/api.w.org\/{rel}","templated":true}]}}