{"id":1677,"date":"2024-02-20T15:44:40","date_gmt":"2024-02-20T15:44:40","guid":{"rendered":"https:\/\/amoran.net\/?page_id=1677"},"modified":"2024-04-16T19:48:02","modified_gmt":"2024-04-16T19:48:02","slug":"baby-tenis","status":"publish","type":"page","link":"https:\/\/amoran.net\/?page_id=1677","title":{"rendered":"Baby Tennis"},"content":{"rendered":"<div id=\"pl-1677\"  class=\"panel-layout\" ><div id=\"pg-1677-0\"  class=\"panel-grid panel-no-style\" ><div id=\"pgc-1677-0-0\"  class=\"panel-grid-cell\" ><div id=\"panel-1677-0-0-0\" class=\"so-panel widget widget_sow-editor panel-first-child panel-last-child\" data-index=\"0\" ><div class=\"panel-widget-style panel-widget-style-for-1677-0-0-0\" ><div\n\t\t\t\n\t\t\tclass=\"so-widget-sow-editor so-widget-sow-editor-base\"\n\t\t\t\n\t\t>\n<div class=\"siteorigin-widget-tinymce textwidget\">\n\t<p>O Baby Tennis \u00e9 uma atividade voltada para crian\u00e7as entre 3 e 6 anos e \u00e9 desenvolvida sob inteira responsabilidade da pedagoga e tenista Juliana Villas-B\u00f4as (JVB T\u00eanis) e do educador f\u00edsico e instrutor de t\u00eanis Andr\u00e9 Vianna (Vianna T\u00eanis).<\/p>\n<p>Preencha o formul\u00e1rio para obter mais informa\u00e7\u00f5es ou ligue para 31 2555 5399.<\/p>\n<div class=\"wpforms-container wpforms-container-full\" id=\"wpforms-1674\"><form id=\"wpforms-form-1674\" class=\"wpforms-validate wpforms-form\" data-formid=\"1674\" method=\"post\" enctype=\"multipart\/form-data\" action=\"\/index.php?rest_route=%2Fwp%2Fv2%2Fpages%2F1677\" data-token=\"f7ca99c91e3f6cd957097e34764d3a50\"><noscript class=\"wpforms-error-noscript\">Ative o JavaScript no seu navegador para preencher este formul\u00e1rio.<\/noscript><div class=\"wpforms-field-container\"><div id=\"wpforms-1674-field_18-container\" class=\"wpforms-field wpforms-field-text\" data-field-id=\"18\"><label class=\"wpforms-field-label\" for=\"wpforms-1674-field_18\">Seu nome <span class=\"wpforms-required-label\">*<\/span><\/label><input type=\"text\" id=\"wpforms-1674-field_18\" class=\"wpforms-field-medium wpforms-field-required\" name=\"wpforms[fields][18]\" required><\/div><div id=\"wpforms-1674-field_3-container\" class=\"wpforms-field wpforms-field-number\" data-field-id=\"3\"><label class=\"wpforms-field-label\" for=\"wpforms-1674-field_3\">Celular <span class=\"wpforms-required-label\">*<\/span><\/label><input type=\"number\" pattern=\"\\d*\" id=\"wpforms-1674-field_3\" class=\"wpforms-field-medium wpforms-field-required\" name=\"wpforms[fields][3]\" required><div class=\"wpforms-field-description\">Primeira pessoa de contato preferencial<\/div><\/div><div id=\"wpforms-1674-field_29-container\" class=\"wpforms-field wpforms-field-radio\" data-field-id=\"29\"><label class=\"wpforms-field-label\" for=\"wpforms-1674-field_29\">Esse celular tem WhatsApp? <span class=\"wpforms-required-label\">*<\/span><\/label><ul id=\"wpforms-1674-field_29\" class=\"wpforms-field-required\"><li class=\"choice-1 depth-1\"><input type=\"radio\" id=\"wpforms-1674-field_29_1\" name=\"wpforms[fields][29]\" value=\"Sim\" required ><label class=\"wpforms-field-label-inline\" for=\"wpforms-1674-field_29_1\">Sim<\/label><\/li><li class=\"choice-2 depth-1\"><input type=\"radio\" id=\"wpforms-1674-field_29_2\" name=\"wpforms[fields][29]\" value=\"N\u00e3o\" required ><label class=\"wpforms-field-label-inline\" for=\"wpforms-1674-field_29_2\">N\u00e3o<\/label><\/li><\/ul><\/div><div id=\"wpforms-1674-field_1-container\" class=\"wpforms-field wpforms-field-email\" data-field-id=\"1\"><label class=\"wpforms-field-label\" for=\"wpforms-1674-field_1\">E-mail <span class=\"wpforms-required-label\">*<\/span><\/label><input type=\"email\" id=\"wpforms-1674-field_1\" class=\"wpforms-field-medium wpforms-field-required\" name=\"wpforms[fields][1]\" spellcheck=\"false\" required><\/div><div id=\"wpforms-1674-field_2-container\" class=\"wpforms-field wpforms-field-textarea\" data-field-id=\"2\"><label class=\"wpforms-field-label\" for=\"wpforms-1674-field_2\">Deixe aqui seu coment\u00e1rio, sugest\u00e3o ou d\u00favida<\/label><textarea id=\"wpforms-1674-field_2\" class=\"wpforms-field-medium\" name=\"wpforms[fields][2]\" ><\/textarea><\/div><\/div><!-- .wpforms-field-container --><div class=\"wpforms-submit-container\" ><input type=\"hidden\" name=\"wpforms[id]\" value=\"1674\"><input type=\"hidden\" name=\"wpforms[author]\" value=\"2\"><button type=\"submit\" name=\"wpforms[submit]\" id=\"wpforms-submit-1674\" class=\"wpforms-submit\" data-alt-text=\"Enviando...\" data-submit-text=\"Enviar\" aria-live=\"assertive\" value=\"wpforms-submit\">Enviar<\/button><\/div><\/form><\/div>  <!-- .wpforms-container -->\n<\/div>\n<\/div><\/div><\/div><\/div><\/div><\/div>","protected":false},"excerpt":{"rendered":"<p>O Baby Tennis \u00e9 uma atividade voltada para crian\u00e7as entre 3 e<br \/><a class=\"read-more\" href=\"https:\/\/amoran.net\/?page_id=1677\">Read More <svg id=\"Layer\" enable-background=\"new 0 0 64 64\" height=\"512\" viewBox=\"0 0 64 64\" width=\"512\" xmlns=\"http:\/\/www.w3.org\/2000\/svg\"><path fill=\"#444\" d=\"m37.379 12.552c-.799-.761-2.066-.731-2.827.069-.762.8-.73 2.066.069 2.828l15.342 14.551h-39.963c-1.104 0-2 .896-2 2s.896 2 2 2h39.899l-15.278 14.552c-.8.762-.831 2.028-.069 2.828.393.412.92.62 1.448.62.496 0 .992-.183 1.379-.552l17.449-16.62c.756-.755 1.172-1.759 1.172-2.828s-.416-2.073-1.207-2.862z\"\/><\/svg><\/a><\/p>\n","protected":false},"author":2,"featured_media":0,"parent":0,"menu_order":0,"comment_status":"closed","ping_status":"closed","template":"","meta":[],"_links":{"self":[{"href":"https:\/\/amoran.net\/index.php?rest_route=\/wp\/v2\/pages\/1677"}],"collection":[{"href":"https:\/\/amoran.net\/index.php?rest_route=\/wp\/v2\/pages"}],"about":[{"href":"https:\/\/amoran.net\/index.php?rest_route=\/wp\/v2\/types\/page"}],"author":[{"embeddable":true,"href":"https:\/\/amoran.net\/index.php?rest_route=\/wp\/v2\/users\/2"}],"replies":[{"embeddable":true,"href":"https:\/\/amoran.net\/index.php?rest_route=%2Fwp%2Fv2%2Fcomments&post=1677"}],"version-history":[{"count":7,"href":"https:\/\/amoran.net\/index.php?rest_route=\/wp\/v2\/pages\/1677\/revisions"}],"predecessor-version":[{"id":1707,"href":"https:\/\/amoran.net\/index.php?rest_route=\/wp\/v2\/pages\/1677\/revisions\/1707"}],"wp:attachment":[{"href":"https:\/\/amoran.net\/index.php?rest_route=%2Fwp%2Fv2%2Fmedia&parent=1677"}],"curies":[{"name":"wp","href":"https:\/\/api.w.org\/{rel}","templated":true}]}}