{"id":1755,"date":"2024-09-10T19:02:53","date_gmt":"2024-09-10T19:02:53","guid":{"rendered":"https:\/\/amoran.net\/?page_id=1755"},"modified":"2025-09-24T18:27:02","modified_gmt":"2025-09-24T18:27:02","slug":"inscreva-se-na-rede-de-protecao-preventiva-amoran-rpp-amoran","status":"publish","type":"page","link":"https:\/\/amoran.net\/?page_id=1755","title":{"rendered":"Inscreva-se na Rede de Prote\u00e7\u00e3o Preventiva Amoran (RPP Amoran)"},"content":{"rendered":"<div id=\"pl-1755\"  class=\"panel-layout\" ><div id=\"pg-1755-0\"  class=\"panel-grid panel-no-style\" ><div id=\"pgc-1755-0-0\"  class=\"panel-grid-cell\" ><div id=\"panel-1755-0-0-0\" class=\"so-panel widget widget_sow-editor panel-first-child panel-last-child\" data-index=\"0\" ><div class=\"panel-widget-style panel-widget-style-for-1755-0-0-0\" ><div\n\t\t\t\n\t\t\tclass=\"so-widget-sow-editor so-widget-sow-editor-base\"\n\t\t\t\n\t\t>\n<div class=\"siteorigin-widget-tinymce textwidget\">\n\t<p>Preencha o formul\u00e1rio abaixo para fazer a sua inscri\u00e7\u00e3o na RPP Amoran.<\/p>\n<p><a href=\"https:\/\/amoran.net\/?page_id=1358\" target=\"_blank\" rel=\"noopener\">Clique aqui<\/a> para esclarecer suas d\u00favidas sobre a a\u00e7\u00e3o.<\/p>\n<p><iframe loading=\"lazy\" src=\"https:\/\/docs.google.com\/forms\/d\/e\/1FAIpQLSfbXdvkAwPbUWfucOyGBbXQzQIEhyMquigGzNK3mNlbzSYiBg\/viewform?embedded=true\" width=\"800\" height=\"1740\" frameborder=\"0\" marginheight=\"0\" marginwidth=\"0\">Carregando\u2026<\/iframe><\/p>\n<\/div>\n<\/div><\/div><\/div><\/div><\/div><\/div>","protected":false},"excerpt":{"rendered":"<p>Preencha o formul\u00e1rio abaixo para fazer a sua inscri\u00e7\u00e3o na RPP Amoran.<br \/><a class=\"read-more\" href=\"https:\/\/amoran.net\/?page_id=1755\">Read More <svg id=\"Layer\" enable-background=\"new 0 0 64 64\" height=\"512\" viewBox=\"0 0 64 64\" width=\"512\" xmlns=\"http:\/\/www.w3.org\/2000\/svg\"><path fill=\"#444\" d=\"m37.379 12.552c-.799-.761-2.066-.731-2.827.069-.762.8-.73 2.066.069 2.828l15.342 14.551h-39.963c-1.104 0-2 .896-2 2s.896 2 2 2h39.899l-15.278 14.552c-.8.762-.831 2.028-.069 2.828.393.412.92.62 1.448.62.496 0 .992-.183 1.379-.552l17.449-16.62c.756-.755 1.172-1.759 1.172-2.828s-.416-2.073-1.207-2.862z\"\/><\/svg><\/a><\/p>\n","protected":false},"author":2,"featured_media":0,"parent":0,"menu_order":0,"comment_status":"closed","ping_status":"closed","template":"","meta":[],"_links":{"self":[{"href":"https:\/\/amoran.net\/index.php?rest_route=\/wp\/v2\/pages\/1755"}],"collection":[{"href":"https:\/\/amoran.net\/index.php?rest_route=\/wp\/v2\/pages"}],"about":[{"href":"https:\/\/amoran.net\/index.php?rest_route=\/wp\/v2\/types\/page"}],"author":[{"embeddable":true,"href":"https:\/\/amoran.net\/index.php?rest_route=\/wp\/v2\/users\/2"}],"replies":[{"embeddable":true,"href":"https:\/\/amoran.net\/index.php?rest_route=%2Fwp%2Fv2%2Fcomments&post=1755"}],"version-history":[{"count":8,"href":"https:\/\/amoran.net\/index.php?rest_route=\/wp\/v2\/pages\/1755\/revisions"}],"predecessor-version":[{"id":1856,"href":"https:\/\/amoran.net\/index.php?rest_route=\/wp\/v2\/pages\/1755\/revisions\/1856"}],"wp:attachment":[{"href":"https:\/\/amoran.net\/index.php?rest_route=%2Fwp%2Fv2%2Fmedia&parent=1755"}],"curies":[{"name":"wp","href":"https:\/\/api.w.org\/{rel}","templated":true}]}}