{"id":1862,"date":"2025-11-27T22:24:16","date_gmt":"2025-11-27T22:24:16","guid":{"rendered":"https:\/\/amoran.net\/?page_id=1862"},"modified":"2025-11-27T22:24:40","modified_gmt":"2025-11-27T22:24:40","slug":"1a-reuniao-da-rede-de-protecao-preventiva-anchieta-e-cruzeiro-com-a-pmmg-e-a-amoran","status":"publish","type":"page","link":"https:\/\/amoran.net\/?page_id=1862","title":{"rendered":"1\u00aa Reuni\u00e3o da Rede de Prote\u00e7\u00e3o Preventiva Anchieta e Cruzeiro com a PMMG e a Amoran"},"content":{"rendered":"<p><iframe loading=\"lazy\" src=\"https:\/\/docs.google.com\/forms\/d\/e\/1FAIpQLSfXDDVJAKOq0VwsbxJLgNJs7ycqAbLwtCi9bqEotLqWHcpRkQ\/viewform?embedded=true\" width=\"800\" height=\"1367\" frameborder=\"0\" marginheight=\"0\" marginwidth=\"0\">Carregando\u2026<\/iframe><\/p>\n","protected":false},"excerpt":{"rendered":"<p>Carregando\u2026<\/p>\n","protected":false},"author":2,"featured_media":0,"parent":0,"menu_order":0,"comment_status":"closed","ping_status":"closed","template":"","meta":[],"_links":{"self":[{"href":"https:\/\/amoran.net\/index.php?rest_route=\/wp\/v2\/pages\/1862"}],"collection":[{"href":"https:\/\/amoran.net\/index.php?rest_route=\/wp\/v2\/pages"}],"about":[{"href":"https:\/\/amoran.net\/index.php?rest_route=\/wp\/v2\/types\/page"}],"author":[{"embeddable":true,"href":"https:\/\/amoran.net\/index.php?rest_route=\/wp\/v2\/users\/2"}],"replies":[{"embeddable":true,"href":"https:\/\/amoran.net\/index.php?rest_route=%2Fwp%2Fv2%2Fcomments&post=1862"}],"version-history":[{"count":2,"href":"https:\/\/amoran.net\/index.php?rest_route=\/wp\/v2\/pages\/1862\/revisions"}],"predecessor-version":[{"id":1864,"href":"https:\/\/amoran.net\/index.php?rest_route=\/wp\/v2\/pages\/1862\/revisions\/1864"}],"wp:attachment":[{"href":"https:\/\/amoran.net\/index.php?rest_route=%2Fwp%2Fv2%2Fmedia&parent=1862"}],"curies":[{"name":"wp","href":"https:\/\/api.w.org\/{rel}","templated":true}]}}