{"id":39,"date":"2014-07-28T20:17:36","date_gmt":"2014-07-28T20:17:36","guid":{"rendered":"https:\/\/amoran.net\/?page_id=39"},"modified":"2022-09-25T19:54:08","modified_gmt":"2022-09-25T19:54:08","slug":"apresentacao","status":"publish","type":"page","link":"https:\/\/amoran.net\/?page_id=39","title":{"rendered":"Apresenta\u00e7\u00e3o"},"content":{"rendered":"<div id=\"pl-39\"  class=\"panel-layout\" ><div id=\"pg-39-0\"  class=\"panel-grid panel-no-style\" ><div id=\"pgc-39-0-0\"  class=\"panel-grid-cell\" ><div id=\"panel-39-0-0-0\" class=\"so-panel widget widget_sow-editor panel-first-child panel-last-child\" data-index=\"0\" ><div class=\"panel-widget-style panel-widget-style-for-39-0-0-0\" ><div\n\t\t\t\n\t\t\tclass=\"so-widget-sow-editor so-widget-sow-editor-base\"\n\t\t\t\n\t\t>\n<div class=\"siteorigin-widget-tinymce textwidget\">\n\t<p><a href=\"https:\/\/amoran.net\/wp-content\/uploads\/2014\/10\/55.jpg\"><img loading=\"lazy\" class=\"alignright size-medium wp-image-220\" src=\"https:\/\/amoran.net\/wp-content\/uploads\/2014\/10\/55-300x33.jpg\" alt=\"55\" width=\"300\" height=\"33\" srcset=\"https:\/\/amoran.net\/wp-content\/uploads\/2014\/10\/55-300x33.jpg 300w, https:\/\/amoran.net\/wp-content\/uploads\/2014\/10\/55.jpg 550w\" sizes=\"(max-width: 300px) 100vw, 300px\" \/><\/a>Jornalismo a Servi\u00e7o da Comunidade<\/p>\n<p>O jornal Comunidade Ativa \u00e9 uma publica\u00e7\u00e3o independente que d\u00e1 visibilidade \u00e0s a\u00e7\u00f5es da Amoran.<\/p>\n<p>Seguindo a linha editorial do jornalismo c\u00edvico, de servi\u00e7os para a popula\u00e7\u00e3o que atende, o Comunidade Ativa aborda tem\u00e1ticas relativas \u00e0 seguran\u00e7a p\u00fablica, ao meio ambiente, \u00e0 sa\u00fade e \u00e0 qualidade de vida, \u00e0 cultura e ao lazer, entre outras de interesse dos moradores, empres\u00e1rios e trabalhadores que comp\u00f5em o rol de leitores.<\/p>\n<p>Configurando importante ve\u00edculo de mobiliza\u00e7\u00e3o local, o jornal ainda tamb\u00e9m apresenta excelente capacidade como ve\u00edculo de veicula\u00e7\u00e3o publicit\u00e1ria.<\/p>\n<p>Tiragem: 15 mil exemplares mensais.<\/p>\n<p>Distribui\u00e7\u00e3o: Anchieta, Cruzeiro, Sion, Mangabeiras, Carmo e Comiteco.<\/p>\n<p>Formato: tabloide 350 (250 x 350)mm, em papel jornal, padr\u00e3o Sempre Editora\/Jornal O Tempo.<\/p>\n<p>Para mais informa\u00e7\u00f5es comerciais ou editoriais, <a href=\"mailto:comunidadeativa@amoran.net\" target=\"_blank\" rel=\"noopener\">clique aqui<\/a> e nos envie um email.<\/p>\n<\/div>\n<\/div><\/div><\/div><\/div><\/div><\/div>","protected":false},"excerpt":{"rendered":"<p>Jornalismo a Servi\u00e7o da Comunidade O jornal Comunidade Ativa \u00e9 uma publica\u00e7\u00e3o<br \/><a class=\"read-more\" href=\"https:\/\/amoran.net\/?page_id=39\">Read More <svg id=\"Layer\" enable-background=\"new 0 0 64 64\" height=\"512\" viewBox=\"0 0 64 64\" width=\"512\" xmlns=\"http:\/\/www.w3.org\/2000\/svg\"><path fill=\"#444\" d=\"m37.379 12.552c-.799-.761-2.066-.731-2.827.069-.762.8-.73 2.066.069 2.828l15.342 14.551h-39.963c-1.104 0-2 .896-2 2s.896 2 2 2h39.899l-15.278 14.552c-.8.762-.831 2.028-.069 2.828.393.412.92.62 1.448.62.496 0 .992-.183 1.379-.552l17.449-16.62c.756-.755 1.172-1.759 1.172-2.828s-.416-2.073-1.207-2.862z\"\/><\/svg><\/a><\/p>\n","protected":false},"author":1,"featured_media":0,"parent":14,"menu_order":0,"comment_status":"closed","ping_status":"closed","template":"","meta":[],"_links":{"self":[{"href":"https:\/\/amoran.net\/index.php?rest_route=\/wp\/v2\/pages\/39"}],"collection":[{"href":"https:\/\/amoran.net\/index.php?rest_route=\/wp\/v2\/pages"}],"about":[{"href":"https:\/\/amoran.net\/index.php?rest_route=\/wp\/v2\/types\/page"}],"author":[{"embeddable":true,"href":"https:\/\/amoran.net\/index.php?rest_route=\/wp\/v2\/users\/1"}],"replies":[{"embeddable":true,"href":"https:\/\/amoran.net\/index.php?rest_route=%2Fwp%2Fv2%2Fcomments&post=39"}],"version-history":[{"count":4,"href":"https:\/\/amoran.net\/index.php?rest_route=\/wp\/v2\/pages\/39\/revisions"}],"predecessor-version":[{"id":1447,"href":"https:\/\/amoran.net\/index.php?rest_route=\/wp\/v2\/pages\/39\/revisions\/1447"}],"up":[{"embeddable":true,"href":"https:\/\/amoran.net\/index.php?rest_route=\/wp\/v2\/pages\/14"}],"wp:attachment":[{"href":"https:\/\/amoran.net\/index.php?rest_route=%2Fwp%2Fv2%2Fmedia&parent=39"}],"curies":[{"name":"wp","href":"https:\/\/api.w.org\/{rel}","templated":true}]}}