{"id":43,"date":"2014-07-28T20:18:25","date_gmt":"2014-07-28T20:18:25","guid":{"rendered":"https:\/\/amoran.net\/?page_id=43"},"modified":"2017-11-13T21:57:17","modified_gmt":"2017-11-13T21:57:17","slug":"posto-da-pm","status":"publish","type":"page","link":"https:\/\/amoran.net\/?page_id=43","title":{"rendered":"Atendimento da Pol\u00edcia Militar"},"content":{"rendered":"<p>Antes de buscar o atendimento da Pol\u00edcia Militar, acesse a <a href=\"https:\/\/delegaciavirtual.sids.mg.gov.br\/sxgn\/ocorrencia\/renderAlerta\" target=\"_blank\" rel=\"noopener\">Delegacia Virtual<\/a> e verifique se o seu caso pode ser resolvido pela internet.<\/p>\n<p>\u00c9 mais pr\u00e1tico e voc\u00ea ainda colabora com a seguran\u00e7a p\u00fablica, liberando os policiais militares para outros atendimentos \u00e0 popula\u00e7\u00e3o.<\/p>\n<p><strong>Bases m\u00f3veis<\/strong><\/p>\n<p>As bases m\u00f3veis da PM funcionam diariamente de 14h \u00e0s 23h nos seguintes endere\u00e7os:<\/p>\n<ul>\n<li>Rua Francisco Deslandes, 900, Anchieta (n\u00e3o possui telefone);<\/li>\n<li>Avenida Nossa Sra. do Carmo esquina com Rua Col\u00f4mbia, Sion (telefone &#8211; 2108 4854)<\/li>\n<li>Avenida Afonso Pena esquina com Rua Cobre, Cruzeiro (telefone &#8211; 2108 4853)<\/li>\n<\/ul>\n<p><strong>Atendimento no Posto da Amoran<\/strong><\/p>\n<p>Atualmente a Pol\u00edcia Militar n\u00e3o presta atendimento \u00e0 popula\u00e7\u00e3o a partir do Posto da Amoran, que funciona apenas como um ponto de apoio aos policiais.<\/p>\n<p><strong>Atendimento na 127\u00aa Cia.<\/strong><\/p>\n<p>Rua Trif\u00e2nia, 839 (entrada do Parque das Mangabeiras, no princ\u00edpio da Av. Bandeirantes, pr\u00f3ximo ao Minas II) &#8211; Mangabeiras<br \/>\nTelefone: 31 3223 7393<\/p>\n<p>Atendimento durante as 24 horas do dia.<\/p>\n<p><strong>22\u00ba Batalh\u00e3o<\/strong><\/p>\n<p>Avenida Arthur Bernades, 1.337 &#8211; Santa L\u00facia &#8211; Belo Horizonte<br \/>\nTelefone: (31) 2123-1806<\/p>\n<p><strong>A qualquer hora do dia ou da noite &#8211; Disque 190.<\/strong><\/p>\n<p>&nbsp;<\/p>\n","protected":false},"excerpt":{"rendered":"<p>Antes de buscar o atendimento da Pol\u00edcia Militar, acesse a Delegacia Virtual<br \/><a class=\"read-more\" href=\"https:\/\/amoran.net\/?page_id=43\">Read More <svg id=\"Layer\" enable-background=\"new 0 0 64 64\" height=\"512\" viewBox=\"0 0 64 64\" width=\"512\" xmlns=\"http:\/\/www.w3.org\/2000\/svg\"><path fill=\"#444\" d=\"m37.379 12.552c-.799-.761-2.066-.731-2.827.069-.762.8-.73 2.066.069 2.828l15.342 14.551h-39.963c-1.104 0-2 .896-2 2s.896 2 2 2h39.899l-15.278 14.552c-.8.762-.831 2.028-.069 2.828.393.412.92.62 1.448.62.496 0 .992-.183 1.379-.552l17.449-16.62c.756-.755 1.172-1.759 1.172-2.828s-.416-2.073-1.207-2.862z\"\/><\/svg><\/a><\/p>\n","protected":false},"author":1,"featured_media":0,"parent":18,"menu_order":0,"comment_status":"closed","ping_status":"closed","template":"","meta":[],"_links":{"self":[{"href":"https:\/\/amoran.net\/index.php?rest_route=\/wp\/v2\/pages\/43"}],"collection":[{"href":"https:\/\/amoran.net\/index.php?rest_route=\/wp\/v2\/pages"}],"about":[{"href":"https:\/\/amoran.net\/index.php?rest_route=\/wp\/v2\/types\/page"}],"author":[{"embeddable":true,"href":"https:\/\/amoran.net\/index.php?rest_route=\/wp\/v2\/users\/1"}],"replies":[{"embeddable":true,"href":"https:\/\/amoran.net\/index.php?rest_route=%2Fwp%2Fv2%2Fcomments&post=43"}],"version-history":[{"count":7,"href":"https:\/\/amoran.net\/index.php?rest_route=\/wp\/v2\/pages\/43\/revisions"}],"predecessor-version":[{"id":775,"href":"https:\/\/amoran.net\/index.php?rest_route=\/wp\/v2\/pages\/43\/revisions\/775"}],"up":[{"embeddable":true,"href":"https:\/\/amoran.net\/index.php?rest_route=\/wp\/v2\/pages\/18"}],"wp:attachment":[{"href":"https:\/\/amoran.net\/index.php?rest_route=%2Fwp%2Fv2%2Fmedia&parent=43"}],"curies":[{"name":"wp","href":"https:\/\/api.w.org\/{rel}","templated":true}]}}