{"id":48,"date":"2014-07-28T20:24:22","date_gmt":"2014-07-28T20:24:22","guid":{"rendered":"https:\/\/amoran.net\/?page_id=48"},"modified":"2024-09-16T20:47:39","modified_gmt":"2024-09-16T20:47:39","slug":"historia","status":"publish","type":"page","link":"https:\/\/amoran.net\/?page_id=48","title":{"rendered":"Hist\u00f3ria"},"content":{"rendered":"<div id=\"pl-48\" class=\"panel-layout\">\n<div id=\"pg-48-0\" class=\"panel-grid panel-no-style\">\n<div id=\"pgc-48-0-0\" class=\"panel-grid-cell\" data-weight=\"1\">\n<div id=\"panel-48-0-0-0\" class=\"so-panel widget widget_sow-editor panel-first-child panel-last-child\" data-index=\"0\" data-style=\"{&quot;background&quot;:&quot;#ffffff&quot;,&quot;background_image_attachment&quot;:false,&quot;background_display&quot;:&quot;tile&quot;,&quot;background_image_size&quot;:&quot;full&quot;,&quot;background_image_opacity&quot;:&quot;100&quot;,&quot;border_thickness&quot;:&quot;1px&quot;,&quot;font_color&quot;:&quot;#000000&quot;}\">\n<div class=\"panel-widget-style panel-widget-style-for-48-0-0-0\">\n<div class=\"so-widget-sow-editor so-widget-sow-editor-base\">\n<div class=\"siteorigin-widget-tinymce textwidget\">\n<p>Fundada em 1988, a Amoran surgiu da iniciativa de um grupo de moradores que, ent\u00e3o, j\u00e1 percebia a necessidade de haver uma entidade que representasse de forma organizada os interesses da popula\u00e7\u00e3o local junto ao poder p\u00fablico e \u00e0 iniciativa privada. Assumindo esse papel, em curto espa\u00e7o de tempo, a Associa\u00e7\u00e3o se firmou como leg\u00edtima representante dos interesses locais, condi\u00e7\u00e3o que mais tarde seria ampliada para os bairros vizinhos.<\/p>\n<p><strong>Parceria com a PMMG pela seguran\u00e7a p\u00fablica<\/strong><\/p>\n<p>Inicialmente ocupando uma pequena casa alugada na Rua Montes Claros, em ponto pr\u00f3ximo \u00e0 esquina com Ipatinga, como primeira iniciativa, a Amoran firmou parceria com a Pol\u00edcia Militar de Minas Gerais (PMMG), que teve como finalidade a instala\u00e7\u00e3o do Posto Policial do Anchieta, marco inicial de uma s\u00e9rie de realiza\u00e7\u00f5es que contribu\u00edram para consolidar a elevada qualidade de vida no bairro.<\/p>\n<p><strong>Atua\u00e7\u00e3o junto \u00e0 PBH<\/strong><\/p>\n<p>Logo em seguida, a Associa\u00e7\u00e3o tamb\u00e9m passou a apresentar \u00e0 Prefeitura Municipal de Belo Horizonte (PBH) as in\u00fameras demandas locais referentes ao tr\u00e2nsito, \u00e0 manuten\u00e7\u00e3o das vias, \u00e0 limpeza urbana, \u00e0 arboriza\u00e7\u00e3o e \u00e0s tantas outras quest\u00f5es cujas solu\u00e7\u00f5es est\u00e3o no \u00e2mbito do Munic\u00edpio. Com isso, a Amoran foi adquirindo visibilidade cada vez maior junto ao poder p\u00fablico e se consolidando como uma das associa\u00e7\u00f5es de bairro mais atuantes da capital.<\/p>\n<p><strong>Nova sede<\/strong><\/p>\n<p>Como consequ\u00eancia destaque alcan\u00e7ado, um n\u00famero crescente de moradores e tamb\u00e9m de empres\u00e1rios locais foram se somando aos associados da Amoran, ajudando a elevar ainda mais a capacidade de a\u00e7\u00e3o da institui\u00e7\u00e3o. Com isso, em 2000, a Associa\u00e7\u00e3o mereceu a aten\u00e7\u00e3o da Uni\u00e3o, que cedeu em regime de comodato o im\u00f3vel atualmente ocupado pela sua sede, na Rua Itapema, 162.<\/p>\n<p><strong>Inclus\u00e3o dos bairros vizinhos<\/strong><\/p>\n<p>A nova sede criou a possibilidade de aprimoramento das atividades da Amoran em benef\u00edcio da popula\u00e7\u00e3o local, que se tornaram ainda mais efetivas, alcan\u00e7ando, inclusive, os bairros vizinhos. Assim, por entender que os problemas urbanos que afetam o Anchieta muitas vezes coincidem com os que atingem o Cruzeiro, o Carmo, o Sion e o Comiteco e tamb\u00e9m por in\u00fameras vezes ter recebido da popula\u00e7\u00e3o desses bairros pedidos de apoio na busca por solu\u00e7\u00f5es de demandas, em 2016, a Amoran os incluiu em sua \u00e1rea de abrang\u00eancia prevista em seu estatuto.<\/p>\n<p><strong>Eventos<\/strong><\/p>\n<p>Desde a funda\u00e7\u00e3o, a Amoran prima pela realiza\u00e7\u00e3o de eventos voltados para a promo\u00e7\u00e3o da confraterniza\u00e7\u00e3o de moradores, empres\u00e1rios e trabalhadores locais. Nesse aspecto, cabe destaque para a Rua do Lazer, festa tradicional que, por d\u00e9cadas, foi realizada no bairro, e para o apoio dado \u00e0 realiza\u00e7\u00e3o do Arrai\u00e1 da S\u00e3o Mateus, da Par\u00f3quia de S\u00e3o Mateus.<\/p>\n<p>Ao mesmo tempo, a Associa\u00e7\u00e3o investe em a\u00e7\u00f5es culturais diversas, promovendo cursos e palestras, mantendo a Sala de Leitura e dando aten\u00e7\u00e3o especial \u00e0 terceira idade.<\/p>\n<p><strong>A Associa\u00e7\u00e3o do empresariado local<\/strong><\/p>\n<p>Desde o in\u00edcio da atual gest\u00e3o, em 2019, a Amoran vem trabalhando para tamb\u00e9m se consolidar como representante do empresariado local. Nesse sentido, est\u00e1 buscando os novos associados no meio empresarial e projetando uma s\u00e9rie de a\u00e7\u00f5es que ajudar\u00e3o a melhorar o ambiente de neg\u00f3cio em nossa regi\u00e3o.<\/p>\n<p>Por tudo isso, e muito mais, ao longo de mais de tr\u00eas d\u00e9cadas de hist\u00f3ria, a Amoran tem atuado de maneira decisiva pra fazer do nosso lugar um lugar cada vez melhor de se viver.<\/p>\n<\/div>\n<\/div>\n<\/div>\n<\/div>\n<\/div>\n<\/div>\n<\/div>\n<style type=\"text\/css\" class=\"panels-style\" data-panels-style-for-post=\"48\">@import url(https:\/\/amoran.net\/wp-content\/plugins\/siteorigin-panels\/css\/front-flex.min.css); #pgc-48-0-0 { width:100%;width:calc(100% - ( 0 * 30px ) ) } #pl-48 .so-panel { margin-bottom:30px } #pl-48 .so-panel:last-of-type { margin-bottom:0px } #panel-48-0-0-0> .panel-widget-style { background-color:#ffffff;color:#000000 } @media (max-width:780px){ #pg-48-0.panel-no-style, #pg-48-0.panel-has-style > .panel-row-style, #pg-48-0 { -webkit-flex-direction:column;-ms-flex-direction:column;flex-direction:column } #pg-48-0 > .panel-grid-cell , #pg-48-0 > .panel-row-style > .panel-grid-cell { width:100%;margin-right:0 } #pl-48 .panel-grid-cell { padding:0 } #pl-48 .panel-grid .panel-grid-cell-empty { display:none } #pl-48 .panel-grid .panel-grid-cell-mobile-last { margin-bottom:0px }  } <\/style>\n","protected":false},"excerpt":{"rendered":"<p>Fundada em 1988, a Amoran surgiu da iniciativa de um grupo de<br \/><a class=\"read-more\" href=\"https:\/\/amoran.net\/?page_id=48\">Read More <svg id=\"Layer\" enable-background=\"new 0 0 64 64\" height=\"512\" viewBox=\"0 0 64 64\" width=\"512\" xmlns=\"http:\/\/www.w3.org\/2000\/svg\"><path fill=\"#444\" d=\"m37.379 12.552c-.799-.761-2.066-.731-2.827.069-.762.8-.73 2.066.069 2.828l15.342 14.551h-39.963c-1.104 0-2 .896-2 2s.896 2 2 2h39.899l-15.278 14.552c-.8.762-.831 2.028-.069 2.828.393.412.92.62 1.448.62.496 0 .992-.183 1.379-.552l17.449-16.62c.756-.755 1.172-1.759 1.172-2.828s-.416-2.073-1.207-2.862z\"\/><\/svg><\/a><\/p>\n","protected":false},"author":1,"featured_media":0,"parent":9,"menu_order":0,"comment_status":"closed","ping_status":"closed","template":"","meta":[],"_links":{"self":[{"href":"https:\/\/amoran.net\/index.php?rest_route=\/wp\/v2\/pages\/48"}],"collection":[{"href":"https:\/\/amoran.net\/index.php?rest_route=\/wp\/v2\/pages"}],"about":[{"href":"https:\/\/amoran.net\/index.php?rest_route=\/wp\/v2\/types\/page"}],"author":[{"embeddable":true,"href":"https:\/\/amoran.net\/index.php?rest_route=\/wp\/v2\/users\/1"}],"replies":[{"embeddable":true,"href":"https:\/\/amoran.net\/index.php?rest_route=%2Fwp%2Fv2%2Fcomments&post=48"}],"version-history":[{"count":13,"href":"https:\/\/amoran.net\/index.php?rest_route=\/wp\/v2\/pages\/48\/revisions"}],"predecessor-version":[{"id":1773,"href":"https:\/\/amoran.net\/index.php?rest_route=\/wp\/v2\/pages\/48\/revisions\/1773"}],"up":[{"embeddable":true,"href":"https:\/\/amoran.net\/index.php?rest_route=\/wp\/v2\/pages\/9"}],"wp:attachment":[{"href":"https:\/\/amoran.net\/index.php?rest_route=%2Fwp%2Fv2%2Fmedia&parent=48"}],"curies":[{"name":"wp","href":"https:\/\/api.w.org\/{rel}","templated":true}]}}