{"id":52,"date":"2014-07-28T20:28:15","date_gmt":"2014-07-28T20:28:15","guid":{"rendered":"https:\/\/amoran.net\/?page_id=52"},"modified":"2022-09-25T18:54:57","modified_gmt":"2022-09-25T18:54:57","slug":"abragenia","status":"publish","type":"page","link":"https:\/\/amoran.net\/?page_id=52","title":{"rendered":"Abrag\u00eania"},"content":{"rendered":"<div id=\"pl-52\"  class=\"panel-layout\" ><div id=\"pg-52-0\"  class=\"panel-grid panel-no-style\" ><div id=\"pgc-52-0-0\"  class=\"panel-grid-cell\" ><div id=\"panel-52-0-0-0\" class=\"so-panel widget widget_sow-editor panel-first-child panel-last-child\" data-index=\"0\" ><div class=\"panel-widget-style panel-widget-style-for-52-0-0-0\" ><div\n\t\t\t\n\t\t\tclass=\"so-widget-sow-editor so-widget-sow-editor-base\"\n\t\t\t\n\t\t>\n<div class=\"siteorigin-widget-tinymce textwidget\">\n\t<p>A \u00e1rea de atua\u00e7\u00e3o da Amoran abrange os bairros Anchieta, Cruzeiro, Carmo, Comiteco e Sion. Em fun\u00e7\u00e3o da credibilidade conquistada pela Associa\u00e7\u00e3o junto ao poder p\u00fablico, tanto no \u00e2mbito da Prefeitura Municipal de Belo Horizonte (PBH), quanto do Estado de Minas Gerais em virtude do longo relacionamento de parceria com a Pol\u00edcia Militar de Minas Gerais (PMMG), ela recebe demandas de moradores e de empres\u00e1rios de toda a regi\u00e3o que procura atender com o m\u00e1ximo empenho.<\/p>\n<p>Afinal, considerando que os limites entre os bairros s\u00e3o meras formalidades e que, mesmo eles sendo uteis \u00e0 administra\u00e7\u00e3o p\u00fablica municipal, muitas vezes estes limites n\u00e3o criam barreiras reais para os problemas. Ou seja, as situa\u00e7\u00f5es enfrentadas em um determinado bairro, frequentemente, s\u00e3o id\u00eanticas \u00e0s enfrentadas nos bairros vizinhos. Sendo assim, as solu\u00e7\u00f5es para os problemas destes bairros acabam beneficiando a popula\u00e7\u00e3o inteira da regi\u00e3o.<\/p>\n<\/div>\n<\/div><\/div><\/div><\/div><\/div><\/div>","protected":false},"excerpt":{"rendered":"<p>A \u00e1rea de atua\u00e7\u00e3o da Amoran abrange os bairros Anchieta, Cruzeiro, Carmo,<br \/><a class=\"read-more\" href=\"https:\/\/amoran.net\/?page_id=52\">Read More <svg id=\"Layer\" enable-background=\"new 0 0 64 64\" height=\"512\" viewBox=\"0 0 64 64\" width=\"512\" xmlns=\"http:\/\/www.w3.org\/2000\/svg\"><path fill=\"#444\" d=\"m37.379 12.552c-.799-.761-2.066-.731-2.827.069-.762.8-.73 2.066.069 2.828l15.342 14.551h-39.963c-1.104 0-2 .896-2 2s.896 2 2 2h39.899l-15.278 14.552c-.8.762-.831 2.028-.069 2.828.393.412.92.62 1.448.62.496 0 .992-.183 1.379-.552l17.449-16.62c.756-.755 1.172-1.759 1.172-2.828s-.416-2.073-1.207-2.862z\"\/><\/svg><\/a><\/p>\n","protected":false},"author":1,"featured_media":0,"parent":9,"menu_order":0,"comment_status":"closed","ping_status":"closed","template":"","meta":[],"_links":{"self":[{"href":"https:\/\/amoran.net\/index.php?rest_route=\/wp\/v2\/pages\/52"}],"collection":[{"href":"https:\/\/amoran.net\/index.php?rest_route=\/wp\/v2\/pages"}],"about":[{"href":"https:\/\/amoran.net\/index.php?rest_route=\/wp\/v2\/types\/page"}],"author":[{"embeddable":true,"href":"https:\/\/amoran.net\/index.php?rest_route=\/wp\/v2\/users\/1"}],"replies":[{"embeddable":true,"href":"https:\/\/amoran.net\/index.php?rest_route=%2Fwp%2Fv2%2Fcomments&post=52"}],"version-history":[{"count":7,"href":"https:\/\/amoran.net\/index.php?rest_route=\/wp\/v2\/pages\/52\/revisions"}],"predecessor-version":[{"id":1519,"href":"https:\/\/amoran.net\/index.php?rest_route=\/wp\/v2\/pages\/52\/revisions\/1519"}],"up":[{"embeddable":true,"href":"https:\/\/amoran.net\/index.php?rest_route=\/wp\/v2\/pages\/9"}],"wp:attachment":[{"href":"https:\/\/amoran.net\/index.php?rest_route=%2Fwp%2Fv2%2Fmedia&parent=52"}],"curies":[{"name":"wp","href":"https:\/\/api.w.org\/{rel}","templated":true}]}}