{"id":7,"date":"2014-07-23T02:10:02","date_gmt":"2014-07-23T02:10:02","guid":{"rendered":"https:\/\/amoran.net\/?page_id=7"},"modified":"2025-02-04T16:10:46","modified_gmt":"2025-02-04T16:10:46","slug":"home","status":"publish","type":"page","link":"https:\/\/amoran.net\/","title":{"rendered":"Home"},"content":{"rendered":"<div id=\"pl-7\"  class=\"panel-layout\" ><div id=\"pg-7-0\"  class=\"panel-grid panel-has-style\" ><div class=\"siteorigin-panels-stretch panel-row-style panel-row-style-for-7-0\" data-stretch-type=\"full-width-stretch\" ><div id=\"pgc-7-0-0\"  class=\"panel-grid-cell panel-grid-cell-mobile-last\" ><div id=\"panel-7-0-0-0\" class=\"so-panel widget widget_sow-slider panel-first-child panel-last-child\" data-index=\"0\" ><div\n\t\t\t\n\t\t\tclass=\"so-widget-sow-slider so-widget-sow-slider-default-15b02c8aaa29-7\"\n\t\t\t\n\t\t>\t\t\t\t<div class=\"sow-slider-base\" style=\"display: none\" tabindex=\"0\">\n\t\t\t\t\t<ul\n\t\t\t\t\tclass=\"sow-slider-images\"\n\t\t\t\t\tdata-settings=\"{&quot;pagination&quot;:true,&quot;speed&quot;:500,&quot;timeout&quot;:5500,&quot;paused&quot;:false,&quot;pause_on_hover&quot;:false,&quot;swipe&quot;:true,&quot;nav_always_show_desktop&quot;:true,&quot;nav_always_show_mobile&quot;:true,&quot;breakpoint&quot;:&quot;780px&quot;,&quot;unmute&quot;:false,&quot;anchor&quot;:null}\"\n\t\t\t\t\t\t\t\t\t\tdata-anchor-id=\"\"\n\t\t\t\t>\t\t<li class=\"sow-slider-image\" style=\"visibility: visible;;cursor: pointer;\" data-url=\"{&quot;url&quot;:&quot;https:\\\/\\\/amoran.net\\\/?page_id=765&quot;,&quot;new_window&quot;:false}\" >\n\t\t\t\t\t\t<div class=\"sow-slider-image-container\">\n\t\t\t\t<div class=\"sow-slider-image-wrapper\" style=\"max-width: 725px\">\n\t\t\t\t\t\t\t\t\t\t\t<a href=\"https:\/\/amoran.net\/?page_id=765\"\n\t\t\t\t\t\t>\n\t\t\t\t\t\t\t\t\t\t<div class=\"sow-slider-image-foreground-wrapper\">\n\t\t\t\t\t\t<img width=\"725\" height=\"484\" src=\"https:\/\/amoran.net\/wp-content\/uploads\/2021\/06\/capa1.jpg\" class=\"sow-slider-foreground-image\" alt=\"\" loading=\"lazy\" style=\"height: 484px; width: auto;max-height: 484px\" srcset=\"https:\/\/amoran.net\/wp-content\/uploads\/2021\/06\/capa1.jpg 725w, https:\/\/amoran.net\/wp-content\/uploads\/2021\/06\/capa1-300x200.jpg 300w, https:\/\/amoran.net\/wp-content\/uploads\/2021\/06\/capa1-144x96.jpg 144w, https:\/\/amoran.net\/wp-content\/uploads\/2021\/06\/capa1-272x182.jpg 272w\" sizes=\"(max-width: 725px) 100vw, 725px\" \/>\t\t\t\t\t<\/div>\n\t\t\t\t\t\t\t\t\t\t\t<\/a>\n\t\t\t\t\t\t\t\t\t<\/div>\n\t\t\t<\/div>\n\t\t\t\t\t<\/li>\n\t\t\t\t<li class=\"sow-slider-image\" style=\"visibility: hidden;;cursor: pointer;\" data-url=\"{&quot;url&quot;:&quot;https:\\\/\\\/amoran.net\\\/?page_id=1578&quot;,&quot;new_window&quot;:false}\" >\n\t\t\t\t\t\t<div class=\"sow-slider-image-container\">\n\t\t\t\t<div class=\"sow-slider-image-wrapper\" style=\"max-width: 725px\">\n\t\t\t\t\t\t\t\t\t\t\t<a href=\"https:\/\/amoran.net\/?page_id=1578\"\n\t\t\t\t\t\t>\n\t\t\t\t\t\t\t\t\t\t<div class=\"sow-slider-image-foreground-wrapper\">\n\t\t\t\t\t\t<img width=\"725\" height=\"484\" src=\"https:\/\/amoran.net\/wp-content\/uploads\/2024\/04\/capa.jpg\" class=\"sow-slider-foreground-image\" alt=\"\" loading=\"lazy\" style=\"height: 484px; width: auto;max-height: 484px\" srcset=\"https:\/\/amoran.net\/wp-content\/uploads\/2024\/04\/capa.jpg 725w, https:\/\/amoran.net\/wp-content\/uploads\/2024\/04\/capa-300x200.jpg 300w, https:\/\/amoran.net\/wp-content\/uploads\/2024\/04\/capa-144x96.jpg 144w, https:\/\/amoran.net\/wp-content\/uploads\/2024\/04\/capa-272x182.jpg 272w\" sizes=\"(max-width: 725px) 100vw, 725px\" \/>\t\t\t\t\t<\/div>\n\t\t\t\t\t\t\t\t\t\t\t<\/a>\n\t\t\t\t\t\t\t\t\t<\/div>\n\t\t\t<\/div>\n\t\t\t\t\t<\/li>\n\t\t<\/ul>\t\t\t\t<ol class=\"sow-slider-pagination\">\n\t\t\t\t\t\t\t\t\t\t\t<li><a href=\"#\" data-goto=\"0\" aria-label=\"display slide 1\"><\/a><\/li>\n\t\t\t\t\t\t\t\t\t\t\t<li><a href=\"#\" data-goto=\"1\" aria-label=\"display slide 2\"><\/a><\/li>\n\t\t\t\t\t\t\t\t\t<\/ol>\n\n\t\t\t\t<div class=\"sow-slide-nav sow-slide-nav-next\">\n\t\t\t\t\t<a href=\"#\" data-goto=\"next\" aria-label=\"next slide\" data-action=\"next\">\n\t\t\t\t\t\t<em class=\"sow-sld-icon-ultra-thin-rounded-right\"><\/em>\n\t\t\t\t\t<\/a>\n\t\t\t\t<\/div>\n\n\t\t\t\t<div class=\"sow-slide-nav sow-slide-nav-prev\">\n\t\t\t\t\t<a href=\"#\" data-goto=\"previous\" aria-label=\"previous slide\" data-action=\"prev\">\n\t\t\t\t\t\t<em class=\"sow-sld-icon-ultra-thin-rounded-left\"><\/em>\n\t\t\t\t\t<\/a>\n\t\t\t\t<\/div>\n\t\t\t\t<\/div><\/div><\/div><\/div><div id=\"pgc-7-0-1\"  class=\"panel-grid-cell panel-grid-cell-empty\" ><\/div><\/div><\/div><div id=\"pg-7-1\"  class=\"panel-grid panel-has-style\" ><div class=\"panel-row-style panel-row-style-for-7-1\" ><div id=\"pgc-7-1-0\"  class=\"panel-grid-cell\" ><div id=\"panel-7-1-0-0\" class=\"so-panel widget widget_sow-editor panel-first-child\" data-index=\"1\" ><div\n\t\t\t\n\t\t\tclass=\"so-widget-sow-editor so-widget-sow-editor-base\"\n\t\t\t\n\t\t>\n<div class=\"siteorigin-widget-tinymce textwidget\">\n\t<p><img loading=\"lazy\" class=\"size-full wp-image-1192 aligncenter\" src=\"https:\/\/amoran.net\/wp-content\/uploads\/2021\/06\/job1.jpg\" alt=\"\" width=\"64\" height=\"64\" \/><\/p>\n<\/div>\n<\/div><\/div><div id=\"panel-7-1-0-1\" class=\"so-panel widget widget_sow-editor panel-last-child\" data-index=\"2\" ><div class=\"panel-widget-style panel-widget-style-for-7-1-0-1\" ><div\n\t\t\t\n\t\t\tclass=\"so-widget-sow-editor so-widget-sow-editor-base\"\n\t\t\t\n\t\t><h3 class=\"widget-title\">O trabalho da Amoran<\/h3>\n<div class=\"siteorigin-widget-tinymce textwidget\">\n\t<div class=\"siteorigin-widget-tinymce textwidget\">\n<p>A Amoran representa junto ao poder p\u00fablico e \u00e0 iniciativa privada os interesses dos moradores, empres\u00e1rios e trabalhadores dos bairros Anchieta, Cruzeiro Comiteco, Carmo e Sion. Nesse sentido, atua sobre quest\u00f5es como seguran\u00e7a p\u00fablica, tr\u00e2nsito e outras de interesse coletivo.<\/p>\n<p><a href=\"https:\/\/amoran.net\/?page_id=48\" target=\"_blank\" rel=\"noopener\"><span style=\"color: #f39c12;\">Conhe\u00e7a nossa hist\u00f3ria<\/span><\/a><\/p>\n<\/div>\n<\/div>\n<\/div><\/div><\/div><\/div><div id=\"pgc-7-1-1\"  class=\"panel-grid-cell\" ><div id=\"panel-7-1-1-0\" class=\"so-panel widget widget_sow-editor panel-first-child\" data-index=\"3\" ><div\n\t\t\t\n\t\t\tclass=\"so-widget-sow-editor so-widget-sow-editor-base\"\n\t\t\t\n\t\t>\n<div class=\"siteorigin-widget-tinymce textwidget\">\n\t<p><img loading=\"lazy\" class=\"size-full wp-image-1195 aligncenter\" src=\"https:\/\/amoran.net\/wp-content\/uploads\/2021\/06\/demands.jpg\" alt=\"\" width=\"64\" height=\"64\" \/><\/p>\n<\/div>\n<\/div><\/div><div id=\"panel-7-1-1-1\" class=\"so-panel widget widget_sow-editor panel-last-child\" data-index=\"4\" ><div class=\"panel-widget-style panel-widget-style-for-7-1-1-1\" ><div\n\t\t\t\n\t\t\tclass=\"so-widget-sow-editor so-widget-sow-editor-base\"\n\t\t\t\n\t\t><h3 class=\"widget-title\">Demandas da regi\u00e3o<\/h3>\n<div class=\"siteorigin-widget-tinymce textwidget\">\n\t<div class=\"siteorigin-widget-tinymce textwidget\">\n<p>Na maioria das vezes, as solu\u00e7\u00f5es encontradas para os problemas locais surgem das manifesta\u00e7\u00f5es da popula\u00e7\u00e3o. Portanto, se voc\u00ea percebe alguma situa\u00e7\u00e3o problem\u00e1tica, por favor, informe \u00e0 Amoran para que possamos agir. Pra isso, basta preencher o formul\u00e1rio.<\/p>\n<p><a href=\"https:\/\/amoran.net\/?page_id=1238\">Envie-nos a sua demanda<\/a><\/p>\n<\/div>\n<\/div>\n<\/div><\/div><\/div><\/div><div id=\"pgc-7-1-2\"  class=\"panel-grid-cell\" ><div id=\"panel-7-1-2-0\" class=\"so-panel widget widget_sow-editor panel-first-child\" data-index=\"5\" ><div\n\t\t\t\n\t\t\tclass=\"so-widget-sow-editor so-widget-sow-editor-base\"\n\t\t\t\n\t\t>\n<div class=\"siteorigin-widget-tinymce textwidget\">\n\t<p><img loading=\"lazy\" class=\"size-full wp-image-1198 aligncenter\" src=\"https:\/\/amoran.net\/wp-content\/uploads\/2021\/06\/contribu.jpg\" alt=\"\" width=\"64\" height=\"64\" \/><\/p>\n<\/div>\n<\/div><\/div><div id=\"panel-7-1-2-1\" class=\"so-panel widget widget_sow-editor panel-last-child\" data-index=\"6\" ><div class=\"panel-widget-style panel-widget-style-for-7-1-2-1\" ><div\n\t\t\t\n\t\t\tclass=\"so-widget-sow-editor so-widget-sow-editor-base\"\n\t\t\t\n\t\t><h3 class=\"widget-title\">Contribua<\/h3>\n<div class=\"siteorigin-widget-tinymce textwidget\">\n\t<div class=\"siteorigin-widget-tinymce textwidget\">\n<p>A Amoran \u00e9 mantida exclusivamente pela contribui\u00e7\u00e3o de seus colaboradores. A partir de uma pequena quantia mensal, voc\u00ea pode fazer parte do grupo de pessoas e de empresas que nos ajudam a garantir que a Associa\u00e7\u00e3o cumpra seus objetivos.<\/p>\n<p><span style=\"color: #f39c12;\"><a style=\"color: #f39c12;\" href=\"https:\/\/amoran.net\/?page_id=765\">Preencha o formul\u00e1rio<\/a><\/span><\/p>\n<\/div>\n<\/div>\n<\/div><\/div><\/div><\/div><\/div><\/div><div id=\"pg-7-2\"  class=\"panel-grid panel-has-style\" ><div class=\"siteorigin-panels-stretch panel-row-style panel-row-style-for-7-2\" data-stretch-type=\"full\" ><div id=\"pgc-7-2-0\"  class=\"panel-grid-cell\" ><div id=\"panel-7-2-0-0\" class=\"so-panel widget widget_sow-editor panel-first-child panel-last-child\" data-index=\"7\" ><div\n\t\t\t\n\t\t\tclass=\"so-widget-sow-editor so-widget-sow-editor-base\"\n\t\t\t\n\t\t>\n<div class=\"siteorigin-widget-tinymce textwidget\">\n\t<h6 class=\"sow-headline\"><span style=\"color: #ffffff;\">Associa\u00e7\u00e3o dos Moradores do Bairro Anchieta - Amoran<\/span><br \/><span style=\"color: #ffffff;\">Rua Itapema, 162 - Bairro Anchieta - BH - MG<\/span><br \/><span style=\"color: #ffffff;\">Tel.: 31 2555 5399<\/span><\/h6>\n<div class=\"decoration\">\u00a0<\/div>\n<\/div>\n<\/div><\/div><\/div><div id=\"pgc-7-2-1\"  class=\"panel-grid-cell\" ><div id=\"panel-7-2-1-0\" class=\"so-panel widget widget_sow-editor panel-first-child panel-last-child\" data-index=\"8\" ><div\n\t\t\t\n\t\t\tclass=\"so-widget-sow-editor so-widget-sow-editor-base\"\n\t\t\t\n\t\t>\n<div class=\"siteorigin-widget-tinymce textwidget\">\n\t<p><!-- Widget CPTEC\/INPE --><iframe loading=\"lazy\" src=\"http:\/\/www.cptec.inpe.br\/widget\/widget.php?p=222&amp;w=h&amp;c=607065&amp;f=ffffff\" width=\"215px\" height=\"200px\" frameborder=\"0\" marginwidth=\"0\" marginheight=\"0\" scrolling=\"no\"><\/iframe><noscript>Previs\u00e3o de &lt;a href=\"http:\/\/www.cptec.inpe.br\/cidades\/tempo\/222\"&gt;Belo Horizonte\/MG&lt;\/a&gt; oferecido por &lt;a href=\"http:\/\/www.cptec.inpe.br\"&gt;CPTEC\/INPE&lt;\/a&gt;<\/noscript><!-- Widget Previs\u00e3o de Tempo CPTEC\/INPE --><\/p>\n<\/div>\n<\/div><\/div><\/div><div id=\"pgc-7-2-2\"  class=\"panel-grid-cell\" ><div id=\"panel-7-2-2-0\" class=\"so-panel widget widget_sow-editor panel-first-child panel-last-child\" data-index=\"9\" ><div\n\t\t\t\n\t\t\tclass=\"so-widget-sow-editor so-widget-sow-editor-base\"\n\t\t\t\n\t\t>\n<div class=\"siteorigin-widget-tinymce textwidget\">\n\t<p><span style=\"color: #ffffff;\">Acompanhe no Facebook<\/span><\/p>\n<p><iframe loading=\"lazy\" style=\"border: none; overflow: hidden;\" src=\"https:\/\/www.facebook.com\/plugins\/like.php?href=https%3A%2F%2Ffacebook.com%2Famoran.bh&amp;width=300&amp;layout=standard&amp;action=like&amp;size=small&amp;show_faces=true&amp;share=true&amp;height=80&amp;appId\" width=\"250\" height=\"80\" frameborder=\"0\" scrolling=\"no\"><\/iframe><\/p>\n<\/div>\n<\/div><\/div><\/div><\/div><\/div><\/div>","protected":false},"excerpt":{"rendered":"<p>A Amoran representa junto ao poder p\u00fablico e \u00e0 iniciativa privada os<br \/><a class=\"read-more\" href=\"https:\/\/amoran.net\/\">Read More <svg id=\"Layer\" enable-background=\"new 0 0 64 64\" height=\"512\" viewBox=\"0 0 64 64\" width=\"512\" xmlns=\"http:\/\/www.w3.org\/2000\/svg\"><path fill=\"#444\" d=\"m37.379 12.552c-.799-.761-2.066-.731-2.827.069-.762.8-.73 2.066.069 2.828l15.342 14.551h-39.963c-1.104 0-2 .896-2 2s.896 2 2 2h39.899l-15.278 14.552c-.8.762-.831 2.028-.069 2.828.393.412.92.62 1.448.62.496 0 .992-.183 1.379-.552l17.449-16.62c.756-.755 1.172-1.759 1.172-2.828s-.416-2.073-1.207-2.862z\"\/><\/svg><\/a><\/p>\n","protected":false},"author":1,"featured_media":0,"parent":0,"menu_order":1,"comment_status":"closed","ping_status":"closed","template":"","meta":[],"_links":{"self":[{"href":"https:\/\/amoran.net\/index.php?rest_route=\/wp\/v2\/pages\/7"}],"collection":[{"href":"https:\/\/amoran.net\/index.php?rest_route=\/wp\/v2\/pages"}],"about":[{"href":"https:\/\/amoran.net\/index.php?rest_route=\/wp\/v2\/types\/page"}],"author":[{"embeddable":true,"href":"https:\/\/amoran.net\/index.php?rest_route=\/wp\/v2\/users\/1"}],"replies":[{"embeddable":true,"href":"https:\/\/amoran.net\/index.php?rest_route=%2Fwp%2Fv2%2Fcomments&post=7"}],"version-history":[{"count":320,"href":"https:\/\/amoran.net\/index.php?rest_route=\/wp\/v2\/pages\/7\/revisions"}],"predecessor-version":[{"id":1820,"href":"https:\/\/amoran.net\/index.php?rest_route=\/wp\/v2\/pages\/7\/revisions\/1820"}],"wp:attachment":[{"href":"https:\/\/amoran.net\/index.php?rest_route=%2Fwp%2Fv2%2Fmedia&parent=7"}],"curies":[{"name":"wp","href":"https:\/\/api.w.org\/{rel}","templated":true}]}}