{"id":877,"date":"2019-03-27T14:21:09","date_gmt":"2019-03-27T14:21:09","guid":{"rendered":"https:\/\/amoran.net\/?page_id=877"},"modified":"2025-01-29T18:33:26","modified_gmt":"2025-01-29T18:33:26","slug":"clube-de-descontos-amoran","status":"publish","type":"page","link":"https:\/\/amoran.net\/?page_id=877","title":{"rendered":"Reuni\u00e3o de Seguran\u00e7a"},"content":{"rendered":"\r\n<div class=\"wp-container-1 wp-block-group\">\r\n<div class=\"wp-block-group__inner-container\">\r\n<p>A Reuni\u00e3o de Seguran\u00e7a ser\u00e1 realizada em data a ser definida na segunda quinzena de fevereiro.\u00a0<\/p>\r\n<p>Preencha o formul\u00e1rio para solicitar mais informa\u00e7\u00f5es e para receber a defini\u00e7\u00e3o da agenda, quando houver.\u00a0<\/p>\r\n<div class=\"wpforms-container wpforms-container-full\" id=\"wpforms-1601\"><form id=\"wpforms-form-1601\" class=\"wpforms-validate wpforms-form\" data-formid=\"1601\" method=\"post\" enctype=\"multipart\/form-data\" action=\"\/index.php?rest_route=%2Fwp%2Fv2%2Fpages%2F877\" data-token=\"299dfc525b8813bce9b6038a8b8e9ccf\"><noscript class=\"wpforms-error-noscript\">Ative o JavaScript no seu navegador para preencher este formul\u00e1rio.<\/noscript><div class=\"wpforms-field-container\"><div id=\"wpforms-1601-field_0-container\" class=\"wpforms-field wpforms-field-name\" data-field-id=\"0\"><label class=\"wpforms-field-label\" for=\"wpforms-1601-field_0\">Nome <span class=\"wpforms-required-label\">*<\/span><\/label><div class=\"wpforms-field-row wpforms-field-medium\"><div class=\"wpforms-field-row-block wpforms-first wpforms-one-half\"><input type=\"text\" id=\"wpforms-1601-field_0\" class=\"wpforms-field-name-first wpforms-field-required\" name=\"wpforms[fields][0][first]\" required><label for=\"wpforms-1601-field_0\" class=\"wpforms-field-sublabel after \">Nome<\/label><\/div><div class=\"wpforms-field-row-block wpforms-one-half\"><input type=\"text\" id=\"wpforms-1601-field_0-last\" class=\"wpforms-field-name-last wpforms-field-required\" name=\"wpforms[fields][0][last]\" required><label for=\"wpforms-1601-field_0-last\" class=\"wpforms-field-sublabel after \">Sobrenome<\/label><\/div><\/div><\/div><div id=\"wpforms-1601-field_1-container\" class=\"wpforms-field wpforms-field-email\" data-field-id=\"1\"><label class=\"wpforms-field-label\" for=\"wpforms-1601-field_1\">E-mail <span class=\"wpforms-required-label\">*<\/span><\/label><input type=\"email\" id=\"wpforms-1601-field_1\" class=\"wpforms-field-medium wpforms-field-required\" name=\"wpforms[fields][1]\" spellcheck=\"false\" required><\/div><div id=\"wpforms-1601-field_3-container\" class=\"wpforms-field wpforms-field-number\" data-field-id=\"3\"><label class=\"wpforms-field-label\" for=\"wpforms-1601-field_3\">Celular para contato <span class=\"wpforms-required-label\">*<\/span><\/label><input type=\"number\" pattern=\"\\d*\" id=\"wpforms-1601-field_3\" class=\"wpforms-field-medium wpforms-field-required\" name=\"wpforms[fields][3]\" required><\/div><div id=\"wpforms-1601-field_4-container\" class=\"wpforms-field wpforms-field-radio\" data-field-id=\"4\"><label class=\"wpforms-field-label\" for=\"wpforms-1601-field_4\">Esse celular tem WhatsApp? <span class=\"wpforms-required-label\">*<\/span><\/label><ul id=\"wpforms-1601-field_4\" class=\"wpforms-field-required\"><li class=\"choice-1 depth-1\"><input type=\"radio\" id=\"wpforms-1601-field_4_1\" name=\"wpforms[fields][4]\" value=\"Sim\" required ><label class=\"wpforms-field-label-inline\" for=\"wpforms-1601-field_4_1\">Sim<\/label><\/li><li class=\"choice-2 depth-1\"><input type=\"radio\" id=\"wpforms-1601-field_4_2\" name=\"wpforms[fields][4]\" value=\"N\u00e3o\" required ><label class=\"wpforms-field-label-inline\" for=\"wpforms-1601-field_4_2\">N\u00e3o<\/label><\/li><\/ul><\/div><div id=\"wpforms-1601-field_5-container\" class=\"wpforms-field wpforms-field-radio\" data-field-id=\"5\"><label class=\"wpforms-field-label\" for=\"wpforms-1601-field_5\">Voc\u00ea \u00e9 associada (o) da Amoran?  <span class=\"wpforms-required-label\">*<\/span><\/label><ul id=\"wpforms-1601-field_5\" class=\"wpforms-field-required\"><li class=\"choice-1 depth-1\"><input type=\"radio\" id=\"wpforms-1601-field_5_1\" name=\"wpforms[fields][5]\" value=\"Sim\" required ><label class=\"wpforms-field-label-inline\" for=\"wpforms-1601-field_5_1\">Sim<\/label><\/li><li class=\"choice-2 depth-1\"><input type=\"radio\" id=\"wpforms-1601-field_5_2\" name=\"wpforms[fields][5]\" value=\"N\u00e3o\" required ><label class=\"wpforms-field-label-inline\" for=\"wpforms-1601-field_5_2\">N\u00e3o<\/label><\/li><\/ul><\/div><div id=\"wpforms-1601-field_8-container\" class=\"wpforms-field wpforms-field-radio\" data-field-id=\"8\"><label class=\"wpforms-field-label\" for=\"wpforms-1601-field_8\">Assinale o bairro onde voc\u00ea mora\/trabalha\/tem neg\u00f3cio <span class=\"wpforms-required-label\">*<\/span><\/label><ul id=\"wpforms-1601-field_8\" class=\"wpforms-field-required\"><li class=\"choice-1 depth-1\"><input type=\"radio\" id=\"wpforms-1601-field_8_1\" name=\"wpforms[fields][8]\" value=\"Anchieta\" required ><label class=\"wpforms-field-label-inline\" for=\"wpforms-1601-field_8_1\">Anchieta<\/label><\/li><li class=\"choice-2 depth-1\"><input type=\"radio\" id=\"wpforms-1601-field_8_2\" name=\"wpforms[fields][8]\" value=\"Carmo\" required ><label class=\"wpforms-field-label-inline\" for=\"wpforms-1601-field_8_2\">Carmo<\/label><\/li><li class=\"choice-3 depth-1\"><input type=\"radio\" id=\"wpforms-1601-field_8_3\" name=\"wpforms[fields][8]\" value=\"Comiteco\" required ><label class=\"wpforms-field-label-inline\" for=\"wpforms-1601-field_8_3\">Comiteco<\/label><\/li><li class=\"choice-4 depth-1\"><input type=\"radio\" id=\"wpforms-1601-field_8_4\" name=\"wpforms[fields][8]\" value=\"Cruzeiro\" required ><label class=\"wpforms-field-label-inline\" for=\"wpforms-1601-field_8_4\">Cruzeiro<\/label><\/li><li class=\"choice-5 depth-1\"><input type=\"radio\" id=\"wpforms-1601-field_8_5\" name=\"wpforms[fields][8]\" value=\"Sion\" required ><label class=\"wpforms-field-label-inline\" for=\"wpforms-1601-field_8_5\">Sion<\/label><\/li><\/ul><\/div><div id=\"wpforms-1601-field_9-container\" class=\"wpforms-field wpforms-field-checkbox\" data-field-id=\"9\"><label class=\"wpforms-field-label\" for=\"wpforms-1601-field_9\">Qual a sua rela\u00e7\u00e3o com o Anchieta?<\/label><ul id=\"wpforms-1601-field_9\"><li class=\"choice-1 depth-1\"><input type=\"checkbox\" id=\"wpforms-1601-field_9_1\" name=\"wpforms[fields][9][]\" value=\"Mora no bairro\"  ><label class=\"wpforms-field-label-inline\" for=\"wpforms-1601-field_9_1\">Mora no bairro<\/label><\/li><li class=\"choice-2 depth-1\"><input type=\"checkbox\" id=\"wpforms-1601-field_9_2\" name=\"wpforms[fields][9][]\" value=\"Tem uma empresa no bairro\"  ><label class=\"wpforms-field-label-inline\" for=\"wpforms-1601-field_9_2\">Tem uma empresa no bairro<\/label><\/li><li class=\"choice-3 depth-1\"><input type=\"checkbox\" id=\"wpforms-1601-field_9_3\" name=\"wpforms[fields][9][]\" value=\"Trabalha no bairro\"  ><label class=\"wpforms-field-label-inline\" for=\"wpforms-1601-field_9_3\">Trabalha no bairro<\/label><\/li><li class=\"choice-4 depth-1\"><input type=\"checkbox\" id=\"wpforms-1601-field_9_4\" name=\"wpforms[fields][9][]\" value=\"Frequenta assiduamente\"  ><label class=\"wpforms-field-label-inline\" for=\"wpforms-1601-field_9_4\">Frequenta assiduamente<\/label><\/li><\/ul><\/div><div id=\"wpforms-1601-field_2-container\" class=\"wpforms-field wpforms-field-textarea\" data-field-id=\"2\"><label class=\"wpforms-field-label\" for=\"wpforms-1601-field_2\">Use o espa\u00e7o abaixo para sugerir temas para a reuni\u00e3o e para outros coment\u00e1rios<\/label><textarea id=\"wpforms-1601-field_2\" class=\"wpforms-field-medium\" name=\"wpforms[fields][2]\" ><\/textarea><\/div><\/div><!-- .wpforms-field-container --><div class=\"wpforms-submit-container\" ><input type=\"hidden\" name=\"wpforms[id]\" value=\"1601\"><input type=\"hidden\" name=\"wpforms[author]\" value=\"1\"><button type=\"submit\" name=\"wpforms[submit]\" id=\"wpforms-submit-1601\" class=\"wpforms-submit\" data-alt-text=\"Enviando...\" data-submit-text=\"Enviar\" aria-live=\"assertive\" value=\"wpforms-submit\">Enviar<\/button><\/div><\/form><\/div>  <!-- .wpforms-container -->\r\n<\/div>\r\n<\/div>\r\n","protected":false},"excerpt":{"rendered":"<p>A Reuni\u00e3o de Seguran\u00e7a ser\u00e1 realizada em data a ser definida na<br \/><a class=\"read-more\" href=\"https:\/\/amoran.net\/?page_id=877\">Read More <svg id=\"Layer\" enable-background=\"new 0 0 64 64\" height=\"512\" viewBox=\"0 0 64 64\" width=\"512\" xmlns=\"http:\/\/www.w3.org\/2000\/svg\"><path fill=\"#444\" d=\"m37.379 12.552c-.799-.761-2.066-.731-2.827.069-.762.8-.73 2.066.069 2.828l15.342 14.551h-39.963c-1.104 0-2 .896-2 2s.896 2 2 2h39.899l-15.278 14.552c-.8.762-.831 2.028-.069 2.828.393.412.92.62 1.448.62.496 0 .992-.183 1.379-.552l17.449-16.62c.756-.755 1.172-1.759 1.172-2.828s-.416-2.073-1.207-2.862z\"\/><\/svg><\/a><\/p>\n","protected":false},"author":1,"featured_media":0,"parent":0,"menu_order":0,"comment_status":"closed","ping_status":"closed","template":"","meta":[],"_links":{"self":[{"href":"https:\/\/amoran.net\/index.php?rest_route=\/wp\/v2\/pages\/877"}],"collection":[{"href":"https:\/\/amoran.net\/index.php?rest_route=\/wp\/v2\/pages"}],"about":[{"href":"https:\/\/amoran.net\/index.php?rest_route=\/wp\/v2\/types\/page"}],"author":[{"embeddable":true,"href":"https:\/\/amoran.net\/index.php?rest_route=\/wp\/v2\/users\/1"}],"replies":[{"embeddable":true,"href":"https:\/\/amoran.net\/index.php?rest_route=%2Fwp%2Fv2%2Fcomments&post=877"}],"version-history":[{"count":14,"href":"https:\/\/amoran.net\/index.php?rest_route=\/wp\/v2\/pages\/877\/revisions"}],"predecessor-version":[{"id":1808,"href":"https:\/\/amoran.net\/index.php?rest_route=\/wp\/v2\/pages\/877\/revisions\/1808"}],"wp:attachment":[{"href":"https:\/\/amoran.net\/index.php?rest_route=%2Fwp%2Fv2%2Fmedia&parent=877"}],"curies":[{"name":"wp","href":"https:\/\/api.w.org\/{rel}","templated":true}]}}