{"id":88,"date":"2014-07-28T20:54:23","date_gmt":"2014-07-28T20:54:23","guid":{"rendered":"https:\/\/amoran.net\/?page_id=88"},"modified":"2014-07-28T20:54:23","modified_gmt":"2014-07-28T20:54:23","slug":"eventos","status":"publish","type":"page","link":"https:\/\/amoran.net\/?page_id=88","title":{"rendered":"Eventos"},"content":{"rendered":"<p>A Amoran realiza eventos que buscam oferecer \u00e0 popula\u00e7\u00e3o da regi\u00e3o motivos para a confraterniza\u00e7\u00e3o ou mesmo para obter informa\u00e7\u00f5es sobre determinados assuntos.<\/p>\n<p>Dentre os in\u00fameros eventos realizados, merecem destaque:<\/p>\n<ul>\n<li>Rua do Lazer;<\/li>\n<li>Tardes Culturais da Amoran;<\/li>\n<li>Palestras.<\/li>\n<\/ul>\n","protected":false},"excerpt":{"rendered":"<p>A Amoran realiza eventos que buscam oferecer \u00e0 popula\u00e7\u00e3o da regi\u00e3o motivos<br \/><a class=\"read-more\" href=\"https:\/\/amoran.net\/?page_id=88\">Read More <svg id=\"Layer\" enable-background=\"new 0 0 64 64\" height=\"512\" viewBox=\"0 0 64 64\" width=\"512\" xmlns=\"http:\/\/www.w3.org\/2000\/svg\"><path fill=\"#444\" d=\"m37.379 12.552c-.799-.761-2.066-.731-2.827.069-.762.8-.73 2.066.069 2.828l15.342 14.551h-39.963c-1.104 0-2 .896-2 2s.896 2 2 2h39.899l-15.278 14.552c-.8.762-.831 2.028-.069 2.828.393.412.92.62 1.448.62.496 0 .992-.183 1.379-.552l17.449-16.62c.756-.755 1.172-1.759 1.172-2.828s-.416-2.073-1.207-2.862z\"\/><\/svg><\/a><\/p>\n","protected":false},"author":1,"featured_media":0,"parent":0,"menu_order":0,"comment_status":"closed","ping_status":"closed","template":"","meta":[],"_links":{"self":[{"href":"https:\/\/amoran.net\/index.php?rest_route=\/wp\/v2\/pages\/88"}],"collection":[{"href":"https:\/\/amoran.net\/index.php?rest_route=\/wp\/v2\/pages"}],"about":[{"href":"https:\/\/amoran.net\/index.php?rest_route=\/wp\/v2\/types\/page"}],"author":[{"embeddable":true,"href":"https:\/\/amoran.net\/index.php?rest_route=\/wp\/v2\/users\/1"}],"replies":[{"embeddable":true,"href":"https:\/\/amoran.net\/index.php?rest_route=%2Fwp%2Fv2%2Fcomments&post=88"}],"version-history":[{"count":1,"href":"https:\/\/amoran.net\/index.php?rest_route=\/wp\/v2\/pages\/88\/revisions"}],"predecessor-version":[{"id":89,"href":"https:\/\/amoran.net\/index.php?rest_route=\/wp\/v2\/pages\/88\/revisions\/89"}],"wp:attachment":[{"href":"https:\/\/amoran.net\/index.php?rest_route=%2Fwp%2Fv2%2Fmedia&parent=88"}],"curies":[{"name":"wp","href":"https:\/\/api.w.org\/{rel}","templated":true}]}}