{"id":883,"date":"2019-03-27T15:06:43","date_gmt":"2019-03-27T15:06:43","guid":{"rendered":"https:\/\/amoran.net\/?page_id=883"},"modified":"2019-07-03T20:26:55","modified_gmt":"2019-07-03T20:26:55","slug":"planos-amoran","status":"publish","type":"page","link":"https:\/\/amoran.net\/?page_id=883","title":{"rendered":"Planos Amoran"},"content":{"rendered":"<p>A Amoran oferece dois planos de contribui\u00e7\u00e3o.<\/p>\n<p><strong>Plano B\u00e1sico<\/strong><\/p>\n<p>O Plano B\u00e1sico prev\u00ea contribui\u00e7\u00f5es no valor de R$10 a R$19 mensais. Al\u00e9m de apoiar as a\u00e7\u00f5es da Amoran, por meio deste plano o associado poder\u00e1 integrar o <a href=\"https:\/\/amoran.net\/?page_id=871\">Programa Comunidade Atenta<\/a>, se assim desejar.<\/p>\n<p><strong>Plano Mais<\/strong><\/p>\n<p>O associado que optar pela contribui\u00e7\u00e3o com valor a partir de R$20 ser\u00e1 inclu\u00eddo no Plano Mais. Al\u00e9m do acesso ao Programa Comunidade Atenta o associado tamb\u00e9m ter\u00e1 direito de participar do <a href=\"https:\/\/amoran.net\/?page_id=877\">Clube de Desconto<\/a>, que oferece vantagens reais em pre\u00e7os de produtos e de servi\u00e7os.<\/p>\n<p><a href=\"https:\/\/amoran.net\/?page_id=765\">Clique aqui<\/a> para preencher o formul\u00e1rio de associa\u00e7\u00e3o \u00e0 Amoran!<\/p>\n","protected":false},"excerpt":{"rendered":"<p>A Amoran oferece dois planos de contribui\u00e7\u00e3o. Plano B\u00e1sico O Plano B\u00e1sico<br \/><a class=\"read-more\" href=\"https:\/\/amoran.net\/?page_id=883\">Read More <svg id=\"Layer\" enable-background=\"new 0 0 64 64\" height=\"512\" viewBox=\"0 0 64 64\" width=\"512\" xmlns=\"http:\/\/www.w3.org\/2000\/svg\"><path fill=\"#444\" d=\"m37.379 12.552c-.799-.761-2.066-.731-2.827.069-.762.8-.73 2.066.069 2.828l15.342 14.551h-39.963c-1.104 0-2 .896-2 2s.896 2 2 2h39.899l-15.278 14.552c-.8.762-.831 2.028-.069 2.828.393.412.92.62 1.448.62.496 0 .992-.183 1.379-.552l17.449-16.62c.756-.755 1.172-1.759 1.172-2.828s-.416-2.073-1.207-2.862z\"\/><\/svg><\/a><\/p>\n","protected":false},"author":1,"featured_media":0,"parent":0,"menu_order":0,"comment_status":"closed","ping_status":"closed","template":"","meta":[],"_links":{"self":[{"href":"https:\/\/amoran.net\/index.php?rest_route=\/wp\/v2\/pages\/883"}],"collection":[{"href":"https:\/\/amoran.net\/index.php?rest_route=\/wp\/v2\/pages"}],"about":[{"href":"https:\/\/amoran.net\/index.php?rest_route=\/wp\/v2\/types\/page"}],"author":[{"embeddable":true,"href":"https:\/\/amoran.net\/index.php?rest_route=\/wp\/v2\/users\/1"}],"replies":[{"embeddable":true,"href":"https:\/\/amoran.net\/index.php?rest_route=%2Fwp%2Fv2%2Fcomments&post=883"}],"version-history":[{"count":6,"href":"https:\/\/amoran.net\/index.php?rest_route=\/wp\/v2\/pages\/883\/revisions"}],"predecessor-version":[{"id":993,"href":"https:\/\/amoran.net\/index.php?rest_route=\/wp\/v2\/pages\/883\/revisions\/993"}],"wp:attachment":[{"href":"https:\/\/amoran.net\/index.php?rest_route=%2Fwp%2Fv2%2Fmedia&parent=883"}],"curies":[{"name":"wp","href":"https:\/\/api.w.org\/{rel}","templated":true}]}}