{"id":9,"date":"2014-07-25T17:54:43","date_gmt":"2014-07-25T17:54:43","guid":{"rendered":"https:\/\/amoran.net\/?page_id=9"},"modified":"2014-07-28T20:50:18","modified_gmt":"2014-07-28T20:50:18","slug":"a-amoran","status":"publish","type":"page","link":"https:\/\/amoran.net\/?page_id=9","title":{"rendered":"A Amoran"},"content":{"rendered":"<p style=\"color: #444444;\">A Associa\u00e7\u00e3o dos Moradores do Bairro Anchieta (Amoran) \u00e9 uma entidade sem fins lucrativos, fundada em 1988, com o prop\u00f3sito de representar os interesses da popula\u00e7\u00e3o do bairro Anchieta, localizado na regi\u00e3o Sul de Belo Horizonte (MG). Para tanto, constitui uma\u00a0<a style=\"color: #f14d4d;\" title=\"Diretoria Amoran\" href=\"https:\/\/web.archive.org\/web\/20130812113024\/https:\/\/amoran.net\/?page_id=12\" target=\"_blank\">diretoria volunt\u00e1ria<\/a>, que tem mandato de tr\u00eas anos, durante os quais se encarrega, principalmente, de apresentar ao poder p\u00fablico e \u00e0 iniciativa privada as demandas das pessoas que moram ou trabalham na regi\u00e3o, referentes a quest\u00f5es diversas, como seguran\u00e7a p\u00fablica, servi\u00e7os de coleta de res\u00edduos, mobilidade urbana, arboriza\u00e7\u00e3o, tr\u00e2nsito etc..<\/p>\n<p style=\"color: #444444;\">Em decorr\u00eancia de sua forte atua\u00e7\u00e3o e permanente aten\u00e7\u00e3o para as quest\u00f5es que afligem a popula\u00e7\u00e3o local, a Amoran acabou estendendo seus servi\u00e7os para al\u00e9m dos limites do bairro Anchieta, recebendo e atendendo a solicita\u00e7\u00f5es de moradores de toda a regi\u00e3o, que inclui os bairros Cruzeiro, Carmo, Sion, Mangabeiras, Comiteco e Serra sem, com isto, pretender ocupar o espa\u00e7o das demais Associa\u00e7\u00f5es que se encontram organizadas naqueles bairros.<\/p>\n<p style=\"color: #444444;\">Historicamente, a grande conquista da Amoran foi firmar uma parceria proativa com a Pol\u00edcia Militar de Minas Gerais (PMMG), a fim de garantir a perman\u00eancia de um Posto Policial junto \u00e0 sede da Associa\u00e7\u00e3o (Rua Itapema, 162- Anchieta), que funciona como uma Base Comunit\u00e1ria avan\u00e7ada da 127\u00aa Cia., do 22\u00ba Batalh\u00e3o da PMMG. Nesta parceria, a Amoran cumpre o papel de arcar com todas as despesas geradas pelo posto (instala\u00e7\u00f5es, equipamentos e mobili\u00e1rio, energia, \u00e1gua, acesso \u00e0 Internet, manuten\u00e7\u00e3o etc.), enquanto a \u00a0PMMG garante a perman\u00eancia do efetivo que faz o atendimento \u00e0 popula\u00e7\u00e3o, registrando Boletins de Ocorr\u00eancia e atendendo aos chamados locais.<\/p>\n<p style=\"color: #444444;\">Tamb\u00e9m no setor da seguran\u00e7a p\u00fablica, a Amoran organizou a Rede de Vizinhos Protegidos (RVP), programa de iniciativa da PMMG, e criou o programa Comunidade Atenta, que procura mobilizar a popula\u00e7\u00e3o em torno das quest\u00f5es da preven\u00e7\u00e3o a situa\u00e7\u00f5es de risco \u00e0 seguran\u00e7a individual e patrimonial.<\/p>\n<p style=\"color: #444444;\">Junto \u00e0 Prefeitura Municipal de Belo Horizonte (PBH) a Amoran mant\u00e9m permanente interlocu\u00e7\u00e3o com os diversos \u00f3rg\u00e3os e secretarias que respondem pelos servi\u00e7os ao cidad\u00e3o, com destaque para a BHTrans, Superintend\u00eancia de Limpeza Urbana (SLU) e Secretaria Adjunta de Administra\u00e7\u00e3o Regional Centro Sul. Ao mesmo tempo, mant\u00e9m permanente junto aos legislativos municipal e estadual, a fim de garantir a representatividade dos cidad\u00e3os junto \u00e0 C\u00e2mara Municipal de Belo Horizonte (CMBH) e \u00e0 Assembleia Legislativa de Minas Gerais (ALMG).<\/p>\n<p style=\"color: #444444;\">Em outras inst\u00e2ncias, sempre que necess\u00e1rio, a Amoran tamb\u00e9m interage com a inciativa privada, a fim de solicitar apoio \u00e0s pr\u00f3prias a\u00e7\u00f5es ou para iniciativas da popula\u00e7\u00e3o.<\/p>\n<p style=\"color: #444444;\">Com o objetivo de promover a aproxima\u00e7\u00e3o entre as pessoas que representa, a Amoran realiza eventos diversos, com destaque para a\u00a0<em>Rua do Lazer<\/em>\u00a0e para a<i>\u00a0Tarde Amoran<\/i>, que re\u00fane a popula\u00e7\u00e3o em momentos de lazer, confraterniza\u00e7\u00e3o e gastronomia.<\/p>\n<p style=\"color: #444444;\">A Amoran mant\u00e9m a Sala de Leituras Nelly Lages Jardim, que possui amplo acervo formado por livros doados pela pr\u00f3pria popula\u00e7\u00e3o, que est\u00e3o gratuitamente \u00e0 disposi\u00e7\u00e3o de qualquer pessoa interessada pela leitura.<\/p>\n<p style=\"color: #444444;\">Como servi\u00e7os \u00e0 comunidade, a Associa\u00e7\u00e3o mant\u00e9m ainda atendimento jur\u00eddico e psicol\u00f3gico gratuito e disponibiliza espa\u00e7o para a atua\u00e7\u00e3o de profissionais que oferecem cursos de hata yoga, Dan\u00e7a S\u00eanior, l\u00edngua portuguesa e inglesa e tamb\u00e9m terapia alternativa, a partir da apiterapia.<\/p>\n<p style=\"color: #444444;\">Ainda, a Amoran promove a coleta de \u00f3leo residual de cozinha e realiza campanhas solid\u00e1rias, em benef\u00edcio de pessoas necessitadas.<\/p>\n<p style=\"color: #444444;\">Se voc\u00ea mora ou trabalha na regi\u00e3o do Anchieta, mesmo que n\u00e3o seja no bairro, e tem interesse em apoiar iniciativas que visam melhorar a qualidade de vida de todos, una-se \u00e0 Amoran.<\/p>\n","protected":false},"excerpt":{"rendered":"<p>A Associa\u00e7\u00e3o dos Moradores do Bairro Anchieta (Amoran) \u00e9 uma entidade sem<br \/><a class=\"read-more\" href=\"https:\/\/amoran.net\/?page_id=9\">Read More <svg id=\"Layer\" enable-background=\"new 0 0 64 64\" height=\"512\" viewBox=\"0 0 64 64\" width=\"512\" xmlns=\"http:\/\/www.w3.org\/2000\/svg\"><path fill=\"#444\" d=\"m37.379 12.552c-.799-.761-2.066-.731-2.827.069-.762.8-.73 2.066.069 2.828l15.342 14.551h-39.963c-1.104 0-2 .896-2 2s.896 2 2 2h39.899l-15.278 14.552c-.8.762-.831 2.028-.069 2.828.393.412.92.62 1.448.62.496 0 .992-.183 1.379-.552l17.449-16.62c.756-.755 1.172-1.759 1.172-2.828s-.416-2.073-1.207-2.862z\"\/><\/svg><\/a><\/p>\n","protected":false},"author":1,"featured_media":0,"parent":0,"menu_order":0,"comment_status":"closed","ping_status":"closed","template":"","meta":[],"_links":{"self":[{"href":"https:\/\/amoran.net\/index.php?rest_route=\/wp\/v2\/pages\/9"}],"collection":[{"href":"https:\/\/amoran.net\/index.php?rest_route=\/wp\/v2\/pages"}],"about":[{"href":"https:\/\/amoran.net\/index.php?rest_route=\/wp\/v2\/types\/page"}],"author":[{"embeddable":true,"href":"https:\/\/amoran.net\/index.php?rest_route=\/wp\/v2\/users\/1"}],"replies":[{"embeddable":true,"href":"https:\/\/amoran.net\/index.php?rest_route=%2Fwp%2Fv2%2Fcomments&post=9"}],"version-history":[{"count":2,"href":"https:\/\/amoran.net\/index.php?rest_route=\/wp\/v2\/pages\/9\/revisions"}],"predecessor-version":[{"id":87,"href":"https:\/\/amoran.net\/index.php?rest_route=\/wp\/v2\/pages\/9\/revisions\/87"}],"wp:attachment":[{"href":"https:\/\/amoran.net\/index.php?rest_route=%2Fwp%2Fv2%2Fmedia&parent=9"}],"curies":[{"name":"wp","href":"https:\/\/api.w.org\/{rel}","templated":true}]}}